{"id":5294,"date":"2024-07-16T02:22:26","date_gmt":"2024-07-16T02:22:26","guid":{"rendered":"https:\/\/larimar-gallery-oax.com\/?post_type=product&#038;p=5294"},"modified":"2024-11-15T18:07:04","modified_gmt":"2024-11-15T18:07:04","slug":"marco-zamudio-vuelo-2022","status":"publish","type":"product","link":"https:\/\/larimar-gallery-oax.com\/index.php\/producto\/marco-zamudio-vuelo-2022\/","title":{"rendered":"Marco Zamudio &#8211; Vuelo 2022"},"content":{"rendered":"<p>Artista: Marco Zamudio<br \/>\nVuelo 2022<br \/>\nT\u00e9cnica: Ol\u00e9o y colores de gesso \/ Tela<br \/>\nMedidas: 100 x 100 cm<br \/>\nA\u00f1o: 2022<\/p>\n","protected":false},"excerpt":{"rendered":"<div>\n<p>Marco Zamudio, N. Ciudad de M\u00e9xico, 1973. Licenciado en artes visuales por la Escuela Nacional de Artes Pl\u00e1sticas, San Carlos, 1995. Pintor realista, muralista y muse\u00f3grafo. Ha obtenido diversos reconocimientos (Primer lugar en el concurso de Pintura Sacra: El Evangelio seg\u00fan San Lucas, organizado por el Instituto Manuel Toussaint, Centro Ecum\u00e9nico para la Conservaci\u00f3n y Promoci\u00f3n del Patrimonio Art\u00edstico). Ha expuesto en M\u00e9xico y en el extranjero.<\/p>\n<p>Ha colaborado en ambientaci\u00f3n y museograf\u00eda en el Museo de Arte Contempor\u00e1neo de Nueva York, y en el Museo de Arte Moderno de la Ciudad de M\u00e9xico.<\/p>\n<p>Uno de sus coleccionistas, Dino Alberti Navarro, comenta: &#8220;Los hombres tendr\u00e1n problemas con sus esposas al colocar uno de sus cuadros en casa. Sin embargo, debo ser honesto, los desnudos que el maestro imprime en sus lienzos, son tan c\u00e1lidos y bellos, que hasta las mujeres se ven, de alguna manera, reflejadas en ellos.&#8221;<\/p>\n<\/div>\n<div>\n<div class=\"gmail_signature\" dir=\"ltr\" data-smartmail=\"gmail_signature\">\n<div dir=\"ltr\">\n<div>\n<div dir=\"ltr\">\n<div><\/div>\n<\/div>\n<\/div>\n<\/div>\n<\/div>\n<\/div>\n<p>Artista: Marco Zamudio<br \/>\nVuelo 2022<br \/>\nT\u00e9cnica: Ol\u00e9o y colores de gesso \/ Tela<br \/>\nMedidas: 100 x 100 cm<br \/>\nA\u00f1o: 2022<\/p>\n","protected":false},"featured_media":5296,"comment_status":"open","ping_status":"closed","template":"","meta":{"_joinchat":[]},"product_brand":[],"product_cat":[138],"product_tag":[],"class_list":{"0":"post-5294","1":"product","2":"type-product","3":"status-publish","4":"has-post-thumbnail","6":"product_cat-marco-zamudio","8":"first","9":"instock","10":"shipping-taxable","11":"purchasable","12":"product-type-simple"},"yoast_head":"<!-- This site is optimized with the Yoast SEO plugin v24.4 - https:\/\/yoast.com\/wordpress\/plugins\/seo\/ -->\n<title>Marco Zamudio - Vuelo 2022 - LARIMAR Gallery Hotel Boutique<\/title>\n<meta name=\"robots\" content=\"index, follow, max-snippet:-1, max-image-preview:large, max-video-preview:-1\" \/>\n<link rel=\"canonical\" href=\"https:\/\/larimar-gallery-oax.com\/index.php\/producto\/marco-zamudio-vuelo-2022\/\" \/>\n<meta property=\"og:locale\" content=\"es_MX\" \/>\n<meta property=\"og:type\" content=\"article\" \/>\n<meta property=\"og:title\" content=\"Marco Zamudio - Vuelo 2022 - LARIMAR Gallery Hotel Boutique\" \/>\n<meta property=\"og:description\" content=\"Marco Zamudio, N. Ciudad de M\u00e9xico, 1973. Licenciado en artes visuales por la Escuela Nacional de Artes Pl\u00e1sticas, San Carlos, 1995. Pintor realista, muralista y muse\u00f3grafo. Ha obtenido diversos reconocimientos (Primer lugar en el concurso de Pintura Sacra: El Evangelio seg\u00fan San Lucas, organizado por el Instituto Manuel Toussaint, Centro Ecum\u00e9nico para la Conservaci\u00f3n y Promoci\u00f3n del Patrimonio Art\u00edstico). Ha expuesto en M\u00e9xico y en el extranjero.  Ha colaborado en ambientaci\u00f3n y museograf\u00eda en el Museo de Arte Contempor\u00e1neo de Nueva York, y en el Museo de Arte Moderno de la Ciudad de M\u00e9xico.  Uno de sus coleccionistas, Dino Alberti Navarro, comenta: &quot;Los hombres tendr\u00e1n problemas con sus esposas al colocar uno de sus cuadros en casa. Sin embargo, debo ser honesto, los desnudos que el maestro imprime en sus lienzos, son tan c\u00e1lidos y bellos, que hasta las mujeres se ven, de alguna manera, reflejadas en ellos.&quot;              Artista: Marco Zamudio Vuelo 2022 T\u00e9cnica: Ol\u00e9o y colores de gesso \/ Tela Medidas: 100 x 100 cm A\u00f1o: 2022\" \/>\n<meta property=\"og:url\" content=\"https:\/\/larimar-gallery-oax.com\/index.php\/producto\/marco-zamudio-vuelo-2022\/\" \/>\n<meta property=\"og:site_name\" content=\"LARIMAR Gallery Hotel Boutique\" \/>\n<meta property=\"article:publisher\" content=\"https:\/\/www.facebook.com\/larimar.gallery\" \/>\n<meta property=\"article:modified_time\" content=\"2024-11-15T18:07:04+00:00\" \/>\n<meta property=\"og:image\" content=\"https:\/\/larimar-gallery-oax.com\/wp-content\/uploads\/2024\/07\/marco_zamudio_vuelo_2022.jpeg\" \/>\n\t<meta property=\"og:image:width\" content=\"1574\" \/>\n\t<meta property=\"og:image:height\" content=\"1600\" \/>\n\t<meta property=\"og:image:type\" content=\"image\/jpeg\" \/>\n<meta name=\"twitter:card\" content=\"summary_large_image\" \/>\n<meta name=\"twitter:site\" content=\"@LarimarGallery\" \/>\n<meta name=\"twitter:label1\" content=\"Tiempo de lectura\" \/>\n\t<meta name=\"twitter:data1\" content=\"1 minuto\" \/>\n<script type=\"application\/ld+json\" class=\"yoast-schema-graph\">{\"@context\":\"https:\/\/schema.org\",\"@graph\":[{\"@type\":\"WebPage\",\"@id\":\"https:\/\/larimar-gallery-oax.com\/index.php\/producto\/marco-zamudio-vuelo-2022\/\",\"url\":\"https:\/\/larimar-gallery-oax.com\/index.php\/producto\/marco-zamudio-vuelo-2022\/\",\"name\":\"Marco Zamudio - Vuelo 2022 - LARIMAR Gallery Hotel Boutique\",\"isPartOf\":{\"@id\":\"https:\/\/larimar-gallery-oax.com\/#website\"},\"primaryImageOfPage\":{\"@id\":\"https:\/\/larimar-gallery-oax.com\/index.php\/producto\/marco-zamudio-vuelo-2022\/#primaryimage\"},\"image\":{\"@id\":\"https:\/\/larimar-gallery-oax.com\/index.php\/producto\/marco-zamudio-vuelo-2022\/#primaryimage\"},\"thumbnailUrl\":\"https:\/\/larimar-gallery-oax.com\/wp-content\/uploads\/2024\/07\/marco_zamudio_vuelo_2022.jpeg\",\"datePublished\":\"2024-07-16T02:22:26+00:00\",\"dateModified\":\"2024-11-15T18:07:04+00:00\",\"breadcrumb\":{\"@id\":\"https:\/\/larimar-gallery-oax.com\/index.php\/producto\/marco-zamudio-vuelo-2022\/#breadcrumb\"},\"inLanguage\":\"es\",\"potentialAction\":[{\"@type\":\"ReadAction\",\"target\":[\"https:\/\/larimar-gallery-oax.com\/index.php\/producto\/marco-zamudio-vuelo-2022\/\"]}]},{\"@type\":\"ImageObject\",\"inLanguage\":\"es\",\"@id\":\"https:\/\/larimar-gallery-oax.com\/index.php\/producto\/marco-zamudio-vuelo-2022\/#primaryimage\",\"url\":\"https:\/\/larimar-gallery-oax.com\/wp-content\/uploads\/2024\/07\/marco_zamudio_vuelo_2022.jpeg\",\"contentUrl\":\"https:\/\/larimar-gallery-oax.com\/wp-content\/uploads\/2024\/07\/marco_zamudio_vuelo_2022.jpeg\",\"width\":1574,\"height\":1600},{\"@type\":\"BreadcrumbList\",\"@id\":\"https:\/\/larimar-gallery-oax.com\/index.php\/producto\/marco-zamudio-vuelo-2022\/#breadcrumb\",\"itemListElement\":[{\"@type\":\"ListItem\",\"position\":1,\"name\":\"Inicio\",\"item\":\"https:\/\/larimar-gallery-oax.com\/\"},{\"@type\":\"ListItem\",\"position\":2,\"name\":\"Tienda\",\"item\":\"https:\/\/larimar-gallery-oax.com\/index.php\/tienda\/\"},{\"@type\":\"ListItem\",\"position\":3,\"name\":\"Marco Zamudio &#8211; Vuelo 2022\"}]},{\"@type\":\"WebSite\",\"@id\":\"https:\/\/larimar-gallery-oax.com\/#website\",\"url\":\"https:\/\/larimar-gallery-oax.com\/\",\"name\":\"LARIMAR Gallery Hotel Boutique\",\"description\":\"\u00a1Vive una experiencia \u00fanica rodeado de arte!\",\"publisher\":{\"@id\":\"https:\/\/larimar-gallery-oax.com\/#organization\"},\"potentialAction\":[{\"@type\":\"SearchAction\",\"target\":{\"@type\":\"EntryPoint\",\"urlTemplate\":\"https:\/\/larimar-gallery-oax.com\/?s={search_term_string}\"},\"query-input\":{\"@type\":\"PropertyValueSpecification\",\"valueRequired\":true,\"valueName\":\"search_term_string\"}}],\"inLanguage\":\"es\"},{\"@type\":\"Organization\",\"@id\":\"https:\/\/larimar-gallery-oax.com\/#organization\",\"name\":\"LARIMAR Gallery Hotel Boutique\",\"url\":\"https:\/\/larimar-gallery-oax.com\/\",\"logo\":{\"@type\":\"ImageObject\",\"inLanguage\":\"es\",\"@id\":\"https:\/\/larimar-gallery-oax.com\/#\/schema\/logo\/image\/\",\"url\":\"https:\/\/larimar-gallery-oax.com\/wp-content\/uploads\/2015\/10\/logo_web_larimar-1.png\",\"contentUrl\":\"https:\/\/larimar-gallery-oax.com\/wp-content\/uploads\/2015\/10\/logo_web_larimar-1.png\",\"width\":135,\"height\":55,\"caption\":\"LARIMAR Gallery Hotel Boutique\"},\"image\":{\"@id\":\"https:\/\/larimar-gallery-oax.com\/#\/schema\/logo\/image\/\"},\"sameAs\":[\"https:\/\/www.facebook.com\/larimar.gallery\",\"https:\/\/x.com\/LarimarGallery\"]}]}<\/script>\n<!-- \/ Yoast SEO plugin. -->","yoast_head_json":{"title":"Marco Zamudio - Vuelo 2022 - LARIMAR Gallery Hotel Boutique","robots":{"index":"index","follow":"follow","max-snippet":"max-snippet:-1","max-image-preview":"max-image-preview:large","max-video-preview":"max-video-preview:-1"},"canonical":"https:\/\/larimar-gallery-oax.com\/index.php\/producto\/marco-zamudio-vuelo-2022\/","og_locale":"es_MX","og_type":"article","og_title":"Marco Zamudio - Vuelo 2022 - LARIMAR Gallery Hotel Boutique","og_description":"Marco Zamudio, N. Ciudad de M\u00e9xico, 1973. Licenciado en artes visuales por la Escuela Nacional de Artes Pl\u00e1sticas, San Carlos, 1995. Pintor realista, muralista y muse\u00f3grafo. Ha obtenido diversos reconocimientos (Primer lugar en el concurso de Pintura Sacra: El Evangelio seg\u00fan San Lucas, organizado por el Instituto Manuel Toussaint, Centro Ecum\u00e9nico para la Conservaci\u00f3n y Promoci\u00f3n del Patrimonio Art\u00edstico). Ha expuesto en M\u00e9xico y en el extranjero.  Ha colaborado en ambientaci\u00f3n y museograf\u00eda en el Museo de Arte Contempor\u00e1neo de Nueva York, y en el Museo de Arte Moderno de la Ciudad de M\u00e9xico.  Uno de sus coleccionistas, Dino Alberti Navarro, comenta: \"Los hombres tendr\u00e1n problemas con sus esposas al colocar uno de sus cuadros en casa. Sin embargo, debo ser honesto, los desnudos que el maestro imprime en sus lienzos, son tan c\u00e1lidos y bellos, que hasta las mujeres se ven, de alguna manera, reflejadas en ellos.\"              Artista: Marco Zamudio Vuelo 2022 T\u00e9cnica: Ol\u00e9o y colores de gesso \/ Tela Medidas: 100 x 100 cm A\u00f1o: 2022","og_url":"https:\/\/larimar-gallery-oax.com\/index.php\/producto\/marco-zamudio-vuelo-2022\/","og_site_name":"LARIMAR Gallery Hotel Boutique","article_publisher":"https:\/\/www.facebook.com\/larimar.gallery","article_modified_time":"2024-11-15T18:07:04+00:00","og_image":[{"width":1574,"height":1600,"url":"https:\/\/larimar-gallery-oax.com\/wp-content\/uploads\/2024\/07\/marco_zamudio_vuelo_2022.jpeg","type":"image\/jpeg"}],"twitter_card":"summary_large_image","twitter_site":"@LarimarGallery","twitter_misc":{"Tiempo de lectura":"1 minuto"},"schema":{"@context":"https:\/\/schema.org","@graph":[{"@type":"WebPage","@id":"https:\/\/larimar-gallery-oax.com\/index.php\/producto\/marco-zamudio-vuelo-2022\/","url":"https:\/\/larimar-gallery-oax.com\/index.php\/producto\/marco-zamudio-vuelo-2022\/","name":"Marco Zamudio - Vuelo 2022 - LARIMAR Gallery Hotel Boutique","isPartOf":{"@id":"https:\/\/larimar-gallery-oax.com\/#website"},"primaryImageOfPage":{"@id":"https:\/\/larimar-gallery-oax.com\/index.php\/producto\/marco-zamudio-vuelo-2022\/#primaryimage"},"image":{"@id":"https:\/\/larimar-gallery-oax.com\/index.php\/producto\/marco-zamudio-vuelo-2022\/#primaryimage"},"thumbnailUrl":"https:\/\/larimar-gallery-oax.com\/wp-content\/uploads\/2024\/07\/marco_zamudio_vuelo_2022.jpeg","datePublished":"2024-07-16T02:22:26+00:00","dateModified":"2024-11-15T18:07:04+00:00","breadcrumb":{"@id":"https:\/\/larimar-gallery-oax.com\/index.php\/producto\/marco-zamudio-vuelo-2022\/#breadcrumb"},"inLanguage":"es","potentialAction":[{"@type":"ReadAction","target":["https:\/\/larimar-gallery-oax.com\/index.php\/producto\/marco-zamudio-vuelo-2022\/"]}]},{"@type":"ImageObject","inLanguage":"es","@id":"https:\/\/larimar-gallery-oax.com\/index.php\/producto\/marco-zamudio-vuelo-2022\/#primaryimage","url":"https:\/\/larimar-gallery-oax.com\/wp-content\/uploads\/2024\/07\/marco_zamudio_vuelo_2022.jpeg","contentUrl":"https:\/\/larimar-gallery-oax.com\/wp-content\/uploads\/2024\/07\/marco_zamudio_vuelo_2022.jpeg","width":1574,"height":1600},{"@type":"BreadcrumbList","@id":"https:\/\/larimar-gallery-oax.com\/index.php\/producto\/marco-zamudio-vuelo-2022\/#breadcrumb","itemListElement":[{"@type":"ListItem","position":1,"name":"Inicio","item":"https:\/\/larimar-gallery-oax.com\/"},{"@type":"ListItem","position":2,"name":"Tienda","item":"https:\/\/larimar-gallery-oax.com\/index.php\/tienda\/"},{"@type":"ListItem","position":3,"name":"Marco Zamudio &#8211; Vuelo 2022"}]},{"@type":"WebSite","@id":"https:\/\/larimar-gallery-oax.com\/#website","url":"https:\/\/larimar-gallery-oax.com\/","name":"LARIMAR Gallery Hotel Boutique","description":"\u00a1Vive una experiencia \u00fanica rodeado de arte!","publisher":{"@id":"https:\/\/larimar-gallery-oax.com\/#organization"},"potentialAction":[{"@type":"SearchAction","target":{"@type":"EntryPoint","urlTemplate":"https:\/\/larimar-gallery-oax.com\/?s={search_term_string}"},"query-input":{"@type":"PropertyValueSpecification","valueRequired":true,"valueName":"search_term_string"}}],"inLanguage":"es"},{"@type":"Organization","@id":"https:\/\/larimar-gallery-oax.com\/#organization","name":"LARIMAR Gallery Hotel Boutique","url":"https:\/\/larimar-gallery-oax.com\/","logo":{"@type":"ImageObject","inLanguage":"es","@id":"https:\/\/larimar-gallery-oax.com\/#\/schema\/logo\/image\/","url":"https:\/\/larimar-gallery-oax.com\/wp-content\/uploads\/2015\/10\/logo_web_larimar-1.png","contentUrl":"https:\/\/larimar-gallery-oax.com\/wp-content\/uploads\/2015\/10\/logo_web_larimar-1.png","width":135,"height":55,"caption":"LARIMAR Gallery Hotel Boutique"},"image":{"@id":"https:\/\/larimar-gallery-oax.com\/#\/schema\/logo\/image\/"},"sameAs":["https:\/\/www.facebook.com\/larimar.gallery","https:\/\/x.com\/LarimarGallery"]}]}},"_links":{"self":[{"href":"https:\/\/larimar-gallery-oax.com\/index.php\/wp-json\/wp\/v2\/product\/5294","targetHints":{"allow":["GET"]}}],"collection":[{"href":"https:\/\/larimar-gallery-oax.com\/index.php\/wp-json\/wp\/v2\/product"}],"about":[{"href":"https:\/\/larimar-gallery-oax.com\/index.php\/wp-json\/wp\/v2\/types\/product"}],"replies":[{"embeddable":true,"href":"https:\/\/larimar-gallery-oax.com\/index.php\/wp-json\/wp\/v2\/comments?post=5294"}],"wp:featuredmedia":[{"embeddable":true,"href":"https:\/\/larimar-gallery-oax.com\/index.php\/wp-json\/wp\/v2\/media\/5296"}],"wp:attachment":[{"href":"https:\/\/larimar-gallery-oax.com\/index.php\/wp-json\/wp\/v2\/media?parent=5294"}],"wp:term":[{"taxonomy":"product_brand","embeddable":true,"href":"https:\/\/larimar-gallery-oax.com\/index.php\/wp-json\/wp\/v2\/product_brand?post=5294"},{"taxonomy":"product_cat","embeddable":true,"href":"https:\/\/larimar-gallery-oax.com\/index.php\/wp-json\/wp\/v2\/product_cat?post=5294"},{"taxonomy":"product_tag","embeddable":true,"href":"https:\/\/larimar-gallery-oax.com\/index.php\/wp-json\/wp\/v2\/product_tag?post=5294"}],"curies":[{"name":"wp","href":"https:\/\/api.w.org\/{rel}","templated":true}]}}