{"id":5308,"date":"2024-07-16T02:34:09","date_gmt":"2024-07-16T02:34:09","guid":{"rendered":"https:\/\/larimar-gallery-oax.com\/?post_type=product&#038;p=5308"},"modified":"2024-07-16T02:34:09","modified_gmt":"2024-07-16T02:34:09","slug":"damian-lescas-jacaman","status":"publish","type":"product","link":"https:\/\/larimar-gallery-oax.com\/index.php\/producto\/damian-lescas-jacaman\/","title":{"rendered":"Dami\u00e1n Lescas &#8211; Jacaman"},"content":{"rendered":"<p>Artista: Dami\u00e1n Lescas<br \/>\nJacaman<br \/>\nT\u00e9cnica: \u00d3leo \/ Papel Ingres<br \/>\nMedidas: 75 x 50 cm<\/p>\n","protected":false},"excerpt":{"rendered":"<p>Artista: Dami\u00e1n Lescas<br \/>\nJacaman<br \/>\nT\u00e9cnica: \u00d3leo \/ Papel Ingres<br \/>\nMedidas: 75 x 50 cm<\/p>\n","protected":false},"featured_media":5309,"comment_status":"open","ping_status":"closed","template":"","meta":{"_joinchat":[]},"product_brand":[],"product_cat":[139],"product_tag":[],"class_list":{"0":"post-5308","1":"product","2":"type-product","3":"status-publish","4":"has-post-thumbnail","6":"product_cat-damian-lescas","8":"first","9":"instock","10":"shipping-taxable","11":"purchasable","12":"product-type-simple"},"yoast_head":"<!-- This site is optimized with the Yoast SEO plugin v24.4 - https:\/\/yoast.com\/wordpress\/plugins\/seo\/ -->\n<title>Dami\u00e1n Lescas - Jacaman - LARIMAR Gallery Hotel Boutique<\/title>\n<meta name=\"robots\" content=\"index, follow, max-snippet:-1, max-image-preview:large, max-video-preview:-1\" \/>\n<link rel=\"canonical\" href=\"https:\/\/larimar-gallery-oax.com\/index.php\/producto\/damian-lescas-jacaman\/\" \/>\n<meta property=\"og:locale\" content=\"es_MX\" \/>\n<meta property=\"og:type\" content=\"article\" \/>\n<meta property=\"og:title\" content=\"Dami\u00e1n Lescas - Jacaman - LARIMAR Gallery Hotel Boutique\" \/>\n<meta property=\"og:description\" content=\"Artista: Dami\u00e1n Lescas Jacaman T\u00e9cnica: \u00d3leo \/ Papel Ingres Medidas: 75 x 50 cm\" \/>\n<meta property=\"og:url\" content=\"https:\/\/larimar-gallery-oax.com\/index.php\/producto\/damian-lescas-jacaman\/\" \/>\n<meta property=\"og:site_name\" content=\"LARIMAR Gallery Hotel Boutique\" \/>\n<meta property=\"article:publisher\" content=\"https:\/\/www.facebook.com\/larimar.gallery\" \/>\n<meta property=\"og:image\" content=\"https:\/\/larimar-gallery-oax.com\/wp-content\/uploads\/2024\/07\/Captura-de-Pantalla-2024-07-15-a-las-8.32.40-p.m.png\" \/>\n\t<meta property=\"og:image:width\" content=\"366\" \/>\n\t<meta property=\"og:image:height\" content=\"514\" \/>\n\t<meta property=\"og:image:type\" content=\"image\/png\" \/>\n<meta name=\"twitter:card\" content=\"summary_large_image\" \/>\n<meta name=\"twitter:site\" content=\"@LarimarGallery\" \/>\n<meta name=\"twitter:label1\" content=\"Tiempo de lectura\" \/>\n\t<meta name=\"twitter:data1\" content=\"1 minuto\" \/>\n<script type=\"application\/ld+json\" class=\"yoast-schema-graph\">{\"@context\":\"https:\/\/schema.org\",\"@graph\":[{\"@type\":\"WebPage\",\"@id\":\"https:\/\/larimar-gallery-oax.com\/index.php\/producto\/damian-lescas-jacaman\/\",\"url\":\"https:\/\/larimar-gallery-oax.com\/index.php\/producto\/damian-lescas-jacaman\/\",\"name\":\"Dami\u00e1n Lescas - Jacaman - LARIMAR Gallery Hotel Boutique\",\"isPartOf\":{\"@id\":\"https:\/\/larimar-gallery-oax.com\/#website\"},\"primaryImageOfPage\":{\"@id\":\"https:\/\/larimar-gallery-oax.com\/index.php\/producto\/damian-lescas-jacaman\/#primaryimage\"},\"image\":{\"@id\":\"https:\/\/larimar-gallery-oax.com\/index.php\/producto\/damian-lescas-jacaman\/#primaryimage\"},\"thumbnailUrl\":\"https:\/\/larimar-gallery-oax.com\/wp-content\/uploads\/2024\/07\/Captura-de-Pantalla-2024-07-15-a-las-8.32.40-p.m.png\",\"datePublished\":\"2024-07-16T02:34:09+00:00\",\"breadcrumb\":{\"@id\":\"https:\/\/larimar-gallery-oax.com\/index.php\/producto\/damian-lescas-jacaman\/#breadcrumb\"},\"inLanguage\":\"es\",\"potentialAction\":[{\"@type\":\"ReadAction\",\"target\":[\"https:\/\/larimar-gallery-oax.com\/index.php\/producto\/damian-lescas-jacaman\/\"]}]},{\"@type\":\"ImageObject\",\"inLanguage\":\"es\",\"@id\":\"https:\/\/larimar-gallery-oax.com\/index.php\/producto\/damian-lescas-jacaman\/#primaryimage\",\"url\":\"https:\/\/larimar-gallery-oax.com\/wp-content\/uploads\/2024\/07\/Captura-de-Pantalla-2024-07-15-a-las-8.32.40-p.m.png\",\"contentUrl\":\"https:\/\/larimar-gallery-oax.com\/wp-content\/uploads\/2024\/07\/Captura-de-Pantalla-2024-07-15-a-las-8.32.40-p.m.png\",\"width\":366,\"height\":514},{\"@type\":\"BreadcrumbList\",\"@id\":\"https:\/\/larimar-gallery-oax.com\/index.php\/producto\/damian-lescas-jacaman\/#breadcrumb\",\"itemListElement\":[{\"@type\":\"ListItem\",\"position\":1,\"name\":\"Inicio\",\"item\":\"https:\/\/larimar-gallery-oax.com\/\"},{\"@type\":\"ListItem\",\"position\":2,\"name\":\"Tienda\",\"item\":\"https:\/\/larimar-gallery-oax.com\/index.php\/tienda\/\"},{\"@type\":\"ListItem\",\"position\":3,\"name\":\"Dami\u00e1n Lescas &#8211; Jacaman\"}]},{\"@type\":\"WebSite\",\"@id\":\"https:\/\/larimar-gallery-oax.com\/#website\",\"url\":\"https:\/\/larimar-gallery-oax.com\/\",\"name\":\"LARIMAR Gallery Hotel Boutique\",\"description\":\"\u00a1Vive una experiencia \u00fanica rodeado de arte!\",\"publisher\":{\"@id\":\"https:\/\/larimar-gallery-oax.com\/#organization\"},\"potentialAction\":[{\"@type\":\"SearchAction\",\"target\":{\"@type\":\"EntryPoint\",\"urlTemplate\":\"https:\/\/larimar-gallery-oax.com\/?s={search_term_string}\"},\"query-input\":{\"@type\":\"PropertyValueSpecification\",\"valueRequired\":true,\"valueName\":\"search_term_string\"}}],\"inLanguage\":\"es\"},{\"@type\":\"Organization\",\"@id\":\"https:\/\/larimar-gallery-oax.com\/#organization\",\"name\":\"LARIMAR Gallery Hotel Boutique\",\"url\":\"https:\/\/larimar-gallery-oax.com\/\",\"logo\":{\"@type\":\"ImageObject\",\"inLanguage\":\"es\",\"@id\":\"https:\/\/larimar-gallery-oax.com\/#\/schema\/logo\/image\/\",\"url\":\"https:\/\/larimar-gallery-oax.com\/wp-content\/uploads\/2015\/10\/logo_web_larimar-1.png\",\"contentUrl\":\"https:\/\/larimar-gallery-oax.com\/wp-content\/uploads\/2015\/10\/logo_web_larimar-1.png\",\"width\":135,\"height\":55,\"caption\":\"LARIMAR Gallery Hotel Boutique\"},\"image\":{\"@id\":\"https:\/\/larimar-gallery-oax.com\/#\/schema\/logo\/image\/\"},\"sameAs\":[\"https:\/\/www.facebook.com\/larimar.gallery\",\"https:\/\/x.com\/LarimarGallery\"]}]}<\/script>\n<!-- \/ Yoast SEO plugin. -->","yoast_head_json":{"title":"Dami\u00e1n Lescas - Jacaman - LARIMAR Gallery Hotel Boutique","robots":{"index":"index","follow":"follow","max-snippet":"max-snippet:-1","max-image-preview":"max-image-preview:large","max-video-preview":"max-video-preview:-1"},"canonical":"https:\/\/larimar-gallery-oax.com\/index.php\/producto\/damian-lescas-jacaman\/","og_locale":"es_MX","og_type":"article","og_title":"Dami\u00e1n Lescas - Jacaman - LARIMAR Gallery Hotel Boutique","og_description":"Artista: Dami\u00e1n Lescas Jacaman T\u00e9cnica: \u00d3leo \/ Papel Ingres Medidas: 75 x 50 cm","og_url":"https:\/\/larimar-gallery-oax.com\/index.php\/producto\/damian-lescas-jacaman\/","og_site_name":"LARIMAR Gallery Hotel Boutique","article_publisher":"https:\/\/www.facebook.com\/larimar.gallery","og_image":[{"width":366,"height":514,"url":"https:\/\/larimar-gallery-oax.com\/wp-content\/uploads\/2024\/07\/Captura-de-Pantalla-2024-07-15-a-las-8.32.40-p.m.png","type":"image\/png"}],"twitter_card":"summary_large_image","twitter_site":"@LarimarGallery","twitter_misc":{"Tiempo de lectura":"1 minuto"},"schema":{"@context":"https:\/\/schema.org","@graph":[{"@type":"WebPage","@id":"https:\/\/larimar-gallery-oax.com\/index.php\/producto\/damian-lescas-jacaman\/","url":"https:\/\/larimar-gallery-oax.com\/index.php\/producto\/damian-lescas-jacaman\/","name":"Dami\u00e1n Lescas - Jacaman - LARIMAR Gallery Hotel Boutique","isPartOf":{"@id":"https:\/\/larimar-gallery-oax.com\/#website"},"primaryImageOfPage":{"@id":"https:\/\/larimar-gallery-oax.com\/index.php\/producto\/damian-lescas-jacaman\/#primaryimage"},"image":{"@id":"https:\/\/larimar-gallery-oax.com\/index.php\/producto\/damian-lescas-jacaman\/#primaryimage"},"thumbnailUrl":"https:\/\/larimar-gallery-oax.com\/wp-content\/uploads\/2024\/07\/Captura-de-Pantalla-2024-07-15-a-las-8.32.40-p.m.png","datePublished":"2024-07-16T02:34:09+00:00","breadcrumb":{"@id":"https:\/\/larimar-gallery-oax.com\/index.php\/producto\/damian-lescas-jacaman\/#breadcrumb"},"inLanguage":"es","potentialAction":[{"@type":"ReadAction","target":["https:\/\/larimar-gallery-oax.com\/index.php\/producto\/damian-lescas-jacaman\/"]}]},{"@type":"ImageObject","inLanguage":"es","@id":"https:\/\/larimar-gallery-oax.com\/index.php\/producto\/damian-lescas-jacaman\/#primaryimage","url":"https:\/\/larimar-gallery-oax.com\/wp-content\/uploads\/2024\/07\/Captura-de-Pantalla-2024-07-15-a-las-8.32.40-p.m.png","contentUrl":"https:\/\/larimar-gallery-oax.com\/wp-content\/uploads\/2024\/07\/Captura-de-Pantalla-2024-07-15-a-las-8.32.40-p.m.png","width":366,"height":514},{"@type":"BreadcrumbList","@id":"https:\/\/larimar-gallery-oax.com\/index.php\/producto\/damian-lescas-jacaman\/#breadcrumb","itemListElement":[{"@type":"ListItem","position":1,"name":"Inicio","item":"https:\/\/larimar-gallery-oax.com\/"},{"@type":"ListItem","position":2,"name":"Tienda","item":"https:\/\/larimar-gallery-oax.com\/index.php\/tienda\/"},{"@type":"ListItem","position":3,"name":"Dami\u00e1n Lescas &#8211; Jacaman"}]},{"@type":"WebSite","@id":"https:\/\/larimar-gallery-oax.com\/#website","url":"https:\/\/larimar-gallery-oax.com\/","name":"LARIMAR Gallery Hotel Boutique","description":"\u00a1Vive una experiencia \u00fanica rodeado de arte!","publisher":{"@id":"https:\/\/larimar-gallery-oax.com\/#organization"},"potentialAction":[{"@type":"SearchAction","target":{"@type":"EntryPoint","urlTemplate":"https:\/\/larimar-gallery-oax.com\/?s={search_term_string}"},"query-input":{"@type":"PropertyValueSpecification","valueRequired":true,"valueName":"search_term_string"}}],"inLanguage":"es"},{"@type":"Organization","@id":"https:\/\/larimar-gallery-oax.com\/#organization","name":"LARIMAR Gallery Hotel Boutique","url":"https:\/\/larimar-gallery-oax.com\/","logo":{"@type":"ImageObject","inLanguage":"es","@id":"https:\/\/larimar-gallery-oax.com\/#\/schema\/logo\/image\/","url":"https:\/\/larimar-gallery-oax.com\/wp-content\/uploads\/2015\/10\/logo_web_larimar-1.png","contentUrl":"https:\/\/larimar-gallery-oax.com\/wp-content\/uploads\/2015\/10\/logo_web_larimar-1.png","width":135,"height":55,"caption":"LARIMAR Gallery Hotel Boutique"},"image":{"@id":"https:\/\/larimar-gallery-oax.com\/#\/schema\/logo\/image\/"},"sameAs":["https:\/\/www.facebook.com\/larimar.gallery","https:\/\/x.com\/LarimarGallery"]}]}},"_links":{"self":[{"href":"https:\/\/larimar-gallery-oax.com\/index.php\/wp-json\/wp\/v2\/product\/5308","targetHints":{"allow":["GET"]}}],"collection":[{"href":"https:\/\/larimar-gallery-oax.com\/index.php\/wp-json\/wp\/v2\/product"}],"about":[{"href":"https:\/\/larimar-gallery-oax.com\/index.php\/wp-json\/wp\/v2\/types\/product"}],"replies":[{"embeddable":true,"href":"https:\/\/larimar-gallery-oax.com\/index.php\/wp-json\/wp\/v2\/comments?post=5308"}],"wp:featuredmedia":[{"embeddable":true,"href":"https:\/\/larimar-gallery-oax.com\/index.php\/wp-json\/wp\/v2\/media\/5309"}],"wp:attachment":[{"href":"https:\/\/larimar-gallery-oax.com\/index.php\/wp-json\/wp\/v2\/media?parent=5308"}],"wp:term":[{"taxonomy":"product_brand","embeddable":true,"href":"https:\/\/larimar-gallery-oax.com\/index.php\/wp-json\/wp\/v2\/product_brand?post=5308"},{"taxonomy":"product_cat","embeddable":true,"href":"https:\/\/larimar-gallery-oax.com\/index.php\/wp-json\/wp\/v2\/product_cat?post=5308"},{"taxonomy":"product_tag","embeddable":true,"href":"https:\/\/larimar-gallery-oax.com\/index.php\/wp-json\/wp\/v2\/product_tag?post=5308"}],"curies":[{"name":"wp","href":"https:\/\/api.w.org\/{rel}","templated":true}]}}