{"id":5521,"date":"2024-10-29T17:45:12","date_gmt":"2024-10-29T17:45:12","guid":{"rendered":"https:\/\/larimar-gallery-oax.com\/?post_type=product&#038;p=5521"},"modified":"2025-10-28T18:19:49","modified_gmt":"2025-10-28T18:19:49","slug":"ya-chupo-faros","status":"publish","type":"product","link":"https:\/\/larimar-gallery-oax.com\/index.php\/producto\/ya-chupo-faros\/","title":{"rendered":"Ya chup\u00f3 faros"},"content":{"rendered":"<p data-ccp-border-bottom=\"0px none #000000\" data-ccp-padding-bottom=\"0px\" data-ccp-border-between=\"0px none #000000\" data-ccp-padding-between=\"0px\"><span data-contrast=\"none\">Diana Chagoya (<\/span><i><span data-contrast=\"none\">mandarina<\/span><\/i><span data-contrast=\"none\">)<\/span><span data-ccp-props=\"{&quot;134245417&quot;:true,&quot;134245418&quot;:false,&quot;134245529&quot;:false,&quot;201341983&quot;:0,&quot;335551550&quot;:6,&quot;335551620&quot;:6,&quot;335557856&quot;:4278190080,&quot;335559685&quot;:0,&quot;335559731&quot;:0,&quot;335559737&quot;:0,&quot;335559738&quot;:0,&quot;335559739&quot;:400,&quot;335559740&quot;:24}\">\u00a0<\/span><\/p>\n<p data-ccp-border-bottom=\"0px none #000000\" data-ccp-padding-bottom=\"0px\" data-ccp-border-between=\"0px none #000000\" data-ccp-padding-between=\"0px\"><span data-contrast=\"none\">T\u00e9cnica mixta<\/span><span data-ccp-props=\"{&quot;134245417&quot;:true,&quot;134245418&quot;:false,&quot;134245529&quot;:false,&quot;201341983&quot;:0,&quot;335551550&quot;:6,&quot;335551620&quot;:6,&quot;335557856&quot;:4278190080,&quot;335559685&quot;:0,&quot;335559731&quot;:0,&quot;335559737&quot;:0,&quot;335559738&quot;:0,&quot;335559739&quot;:400,&quot;335559740&quot;:24}\"><br \/>\n<\/span><span data-contrast=\"none\">MDF, cart\u00f3n, ensamblado y pintado<\/span><span data-ccp-props=\"{&quot;134245417&quot;:true,&quot;134245418&quot;:false,&quot;134245529&quot;:false,&quot;201341983&quot;:0,&quot;335551550&quot;:6,&quot;335551620&quot;:6,&quot;335557856&quot;:4278190080,&quot;335559685&quot;:0,&quot;335559731&quot;:0,&quot;335559737&quot;:0,&quot;335559738&quot;:0,&quot;335559739&quot;:400,&quot;335559740&quot;:24}\"><br \/>\n<\/span><span data-contrast=\"none\">2.40 x 3 m x 20 cm<\/span><span data-ccp-props=\"{&quot;134245417&quot;:true,&quot;134245418&quot;:false,&quot;134245529&quot;:false,&quot;201341983&quot;:0,&quot;335551550&quot;:6,&quot;335551620&quot;:6,&quot;335557856&quot;:4278190080,&quot;335559685&quot;:0,&quot;335559731&quot;:0,&quot;335559737&quot;:0,&quot;335559738&quot;:0,&quot;335559739&quot;:400,&quot;335559740&quot;:24}\"><br \/>\n<\/span><span data-contrast=\"none\">A\u00f1o 2024<\/span><span data-ccp-props=\"{&quot;134245417&quot;:true,&quot;134245418&quot;:false,&quot;134245529&quot;:false,&quot;201341983&quot;:0,&quot;335551550&quot;:6,&quot;335551620&quot;:6,&quot;335557856&quot;:4278190080,&quot;335559685&quot;:0,&quot;335559731&quot;:0,&quot;335559737&quot;:0,&quot;335559738&quot;:0,&quot;335559739&quot;:400,&quot;335559740&quot;:24}\"><br \/>\n<\/span><span data-contrast=\"none\">$90,000<\/span><span data-ccp-props=\"{&quot;134245417&quot;:true,&quot;134245418&quot;:false,&quot;134245529&quot;:false,&quot;201341983&quot;:0,&quot;335551550&quot;:6,&quot;335551620&quot;:6,&quot;335557856&quot;:4278190080,&quot;335559685&quot;:0,&quot;335559731&quot;:0,&quot;335559737&quot;:0,&quot;335559738&quot;:0,&quot;335559739&quot;:400,&quot;335559740&quot;:24}\">\u00a0<\/span><\/p>\n","protected":false},"excerpt":{"rendered":"<p data-ccp-border-bottom=\"0px none #000000\" data-ccp-padding-bottom=\"0px\" data-ccp-border-between=\"0px none #000000\" data-ccp-padding-between=\"0px\"><span data-contrast=\"none\">Diana Chagoya (<\/span><i><span data-contrast=\"none\">mandarina<\/span><\/i><span data-contrast=\"none\">)<\/span><span data-ccp-props=\"{&quot;134245417&quot;:true,&quot;134245418&quot;:false,&quot;134245529&quot;:false,&quot;201341983&quot;:0,&quot;335551550&quot;:6,&quot;335551620&quot;:6,&quot;335557856&quot;:4278190080,&quot;335559685&quot;:0,&quot;335559731&quot;:0,&quot;335559737&quot;:0,&quot;335559738&quot;:0,&quot;335559739&quot;:400,&quot;335559740&quot;:24}\">\u00a0<\/span><\/p>\n<p data-ccp-border-bottom=\"0px none #000000\" data-ccp-padding-bottom=\"0px\" data-ccp-border-between=\"0px none #000000\" data-ccp-padding-between=\"0px\"><span data-contrast=\"none\">T\u00e9cnica mixta<\/span><span data-ccp-props=\"{&quot;134245417&quot;:true,&quot;134245418&quot;:false,&quot;134245529&quot;:false,&quot;201341983&quot;:0,&quot;335551550&quot;:6,&quot;335551620&quot;:6,&quot;335557856&quot;:4278190080,&quot;335559685&quot;:0,&quot;335559731&quot;:0,&quot;335559737&quot;:0,&quot;335559738&quot;:0,&quot;335559739&quot;:400,&quot;335559740&quot;:24}\"><br \/>\n<\/span><span data-contrast=\"none\">MDF, cart\u00f3n, ensamblado y pintado<\/span><span data-ccp-props=\"{&quot;134245417&quot;:true,&quot;134245418&quot;:false,&quot;134245529&quot;:false,&quot;201341983&quot;:0,&quot;335551550&quot;:6,&quot;335551620&quot;:6,&quot;335557856&quot;:4278190080,&quot;335559685&quot;:0,&quot;335559731&quot;:0,&quot;335559737&quot;:0,&quot;335559738&quot;:0,&quot;335559739&quot;:400,&quot;335559740&quot;:24}\"><br \/>\n<\/span><span data-contrast=\"none\">2.40 x 3 m x 20 cm<\/span><span data-ccp-props=\"{&quot;134245417&quot;:true,&quot;134245418&quot;:false,&quot;134245529&quot;:false,&quot;201341983&quot;:0,&quot;335551550&quot;:6,&quot;335551620&quot;:6,&quot;335557856&quot;:4278190080,&quot;335559685&quot;:0,&quot;335559731&quot;:0,&quot;335559737&quot;:0,&quot;335559738&quot;:0,&quot;335559739&quot;:400,&quot;335559740&quot;:24}\"><br \/>\n<\/span><span data-contrast=\"none\">A\u00f1o 2024<\/span><span data-ccp-props=\"{&quot;134245417&quot;:true,&quot;134245418&quot;:false,&quot;134245529&quot;:false,&quot;201341983&quot;:0,&quot;335551550&quot;:6,&quot;335551620&quot;:6,&quot;335557856&quot;:4278190080,&quot;335559685&quot;:0,&quot;335559731&quot;:0,&quot;335559737&quot;:0,&quot;335559738&quot;:0,&quot;335559739&quot;:400,&quot;335559740&quot;:24}\"><br \/>\n<\/span><span data-contrast=\"none\">$60,000<\/span><span data-ccp-props=\"{&quot;134245417&quot;:true,&quot;134245418&quot;:false,&quot;134245529&quot;:false,&quot;201341983&quot;:0,&quot;335551550&quot;:6,&quot;335551620&quot;:6,&quot;335557856&quot;:4278190080,&quot;335559685&quot;:0,&quot;335559731&quot;:0,&quot;335559737&quot;:0,&quot;335559738&quot;:0,&quot;335559739&quot;:400,&quot;335559740&quot;:24}\">\u00a0<\/span><\/p>\n","protected":false},"featured_media":5490,"comment_status":"open","ping_status":"closed","template":"","meta":{"_joinchat":[]},"product_brand":[],"product_cat":[151],"product_tag":[],"class_list":{"0":"post-5521","1":"product","2":"type-product","3":"status-publish","4":"has-post-thumbnail","6":"product_cat-diana-chagoya-mandarina","8":"first","9":"instock","10":"shipping-taxable","11":"purchasable","12":"product-type-simple"},"yoast_head":"<!-- This site is optimized with the Yoast SEO plugin v24.4 - https:\/\/yoast.com\/wordpress\/plugins\/seo\/ -->\n<title>Ya chup\u00f3 faros - LARIMAR Gallery Hotel Boutique<\/title>\n<meta name=\"robots\" content=\"index, follow, max-snippet:-1, max-image-preview:large, max-video-preview:-1\" \/>\n<link rel=\"canonical\" href=\"https:\/\/larimar-gallery-oax.com\/index.php\/producto\/ya-chupo-faros\/\" \/>\n<meta property=\"og:locale\" content=\"es_MX\" \/>\n<meta property=\"og:type\" content=\"article\" \/>\n<meta property=\"og:title\" content=\"Ya chup\u00f3 faros - LARIMAR Gallery Hotel Boutique\" \/>\n<meta property=\"og:description\" content=\"Diana Chagoya (mandarina)\u00a0 T\u00e9cnica mixta MDF, cart\u00f3n, ensamblado y pintado 2.40 x 3 m x 20 cm A\u00f1o 2024 $60,000\u00a0\" \/>\n<meta property=\"og:url\" content=\"https:\/\/larimar-gallery-oax.com\/index.php\/producto\/ya-chupo-faros\/\" \/>\n<meta property=\"og:site_name\" content=\"LARIMAR Gallery Hotel Boutique\" \/>\n<meta property=\"article:publisher\" content=\"https:\/\/www.facebook.com\/larimar.gallery\" \/>\n<meta property=\"article:modified_time\" content=\"2025-10-28T18:19:49+00:00\" \/>\n<meta property=\"og:image\" content=\"https:\/\/larimar-gallery-oax.com\/wp-content\/uploads\/2024\/10\/Captura-de-Pantalla-2024-10-28-a-las-9.17.45-p.m.png\" \/>\n\t<meta property=\"og:image:width\" content=\"575\" \/>\n\t<meta property=\"og:image:height\" content=\"431\" \/>\n\t<meta property=\"og:image:type\" content=\"image\/png\" \/>\n<meta name=\"twitter:card\" content=\"summary_large_image\" \/>\n<meta name=\"twitter:site\" content=\"@LarimarGallery\" \/>\n<meta name=\"twitter:label1\" content=\"Tiempo de lectura\" \/>\n\t<meta name=\"twitter:data1\" content=\"1 minuto\" \/>\n<script type=\"application\/ld+json\" class=\"yoast-schema-graph\">{\"@context\":\"https:\/\/schema.org\",\"@graph\":[{\"@type\":\"WebPage\",\"@id\":\"https:\/\/larimar-gallery-oax.com\/index.php\/producto\/ya-chupo-faros\/\",\"url\":\"https:\/\/larimar-gallery-oax.com\/index.php\/producto\/ya-chupo-faros\/\",\"name\":\"Ya chup\u00f3 faros - LARIMAR Gallery Hotel Boutique\",\"isPartOf\":{\"@id\":\"https:\/\/larimar-gallery-oax.com\/#website\"},\"primaryImageOfPage\":{\"@id\":\"https:\/\/larimar-gallery-oax.com\/index.php\/producto\/ya-chupo-faros\/#primaryimage\"},\"image\":{\"@id\":\"https:\/\/larimar-gallery-oax.com\/index.php\/producto\/ya-chupo-faros\/#primaryimage\"},\"thumbnailUrl\":\"https:\/\/larimar-gallery-oax.com\/wp-content\/uploads\/2024\/10\/Captura-de-Pantalla-2024-10-28-a-las-9.17.45-p.m.png\",\"datePublished\":\"2024-10-29T17:45:12+00:00\",\"dateModified\":\"2025-10-28T18:19:49+00:00\",\"breadcrumb\":{\"@id\":\"https:\/\/larimar-gallery-oax.com\/index.php\/producto\/ya-chupo-faros\/#breadcrumb\"},\"inLanguage\":\"es\",\"potentialAction\":[{\"@type\":\"ReadAction\",\"target\":[\"https:\/\/larimar-gallery-oax.com\/index.php\/producto\/ya-chupo-faros\/\"]}]},{\"@type\":\"ImageObject\",\"inLanguage\":\"es\",\"@id\":\"https:\/\/larimar-gallery-oax.com\/index.php\/producto\/ya-chupo-faros\/#primaryimage\",\"url\":\"https:\/\/larimar-gallery-oax.com\/wp-content\/uploads\/2024\/10\/Captura-de-Pantalla-2024-10-28-a-las-9.17.45-p.m.png\",\"contentUrl\":\"https:\/\/larimar-gallery-oax.com\/wp-content\/uploads\/2024\/10\/Captura-de-Pantalla-2024-10-28-a-las-9.17.45-p.m.png\",\"width\":575,\"height\":431},{\"@type\":\"BreadcrumbList\",\"@id\":\"https:\/\/larimar-gallery-oax.com\/index.php\/producto\/ya-chupo-faros\/#breadcrumb\",\"itemListElement\":[{\"@type\":\"ListItem\",\"position\":1,\"name\":\"Inicio\",\"item\":\"https:\/\/larimar-gallery-oax.com\/\"},{\"@type\":\"ListItem\",\"position\":2,\"name\":\"Tienda\",\"item\":\"https:\/\/larimar-gallery-oax.com\/index.php\/tienda\/\"},{\"@type\":\"ListItem\",\"position\":3,\"name\":\"Ya chup\u00f3 faros\"}]},{\"@type\":\"WebSite\",\"@id\":\"https:\/\/larimar-gallery-oax.com\/#website\",\"url\":\"https:\/\/larimar-gallery-oax.com\/\",\"name\":\"LARIMAR Gallery Hotel Boutique\",\"description\":\"\u00a1Vive una experiencia \u00fanica rodeado de arte!\",\"publisher\":{\"@id\":\"https:\/\/larimar-gallery-oax.com\/#organization\"},\"potentialAction\":[{\"@type\":\"SearchAction\",\"target\":{\"@type\":\"EntryPoint\",\"urlTemplate\":\"https:\/\/larimar-gallery-oax.com\/?s={search_term_string}\"},\"query-input\":{\"@type\":\"PropertyValueSpecification\",\"valueRequired\":true,\"valueName\":\"search_term_string\"}}],\"inLanguage\":\"es\"},{\"@type\":\"Organization\",\"@id\":\"https:\/\/larimar-gallery-oax.com\/#organization\",\"name\":\"LARIMAR Gallery Hotel Boutique\",\"url\":\"https:\/\/larimar-gallery-oax.com\/\",\"logo\":{\"@type\":\"ImageObject\",\"inLanguage\":\"es\",\"@id\":\"https:\/\/larimar-gallery-oax.com\/#\/schema\/logo\/image\/\",\"url\":\"https:\/\/larimar-gallery-oax.com\/wp-content\/uploads\/2015\/10\/logo_web_larimar-1.png\",\"contentUrl\":\"https:\/\/larimar-gallery-oax.com\/wp-content\/uploads\/2015\/10\/logo_web_larimar-1.png\",\"width\":135,\"height\":55,\"caption\":\"LARIMAR Gallery Hotel Boutique\"},\"image\":{\"@id\":\"https:\/\/larimar-gallery-oax.com\/#\/schema\/logo\/image\/\"},\"sameAs\":[\"https:\/\/www.facebook.com\/larimar.gallery\",\"https:\/\/x.com\/LarimarGallery\"]}]}<\/script>\n<!-- \/ Yoast SEO plugin. -->","yoast_head_json":{"title":"Ya chup\u00f3 faros - LARIMAR Gallery Hotel Boutique","robots":{"index":"index","follow":"follow","max-snippet":"max-snippet:-1","max-image-preview":"max-image-preview:large","max-video-preview":"max-video-preview:-1"},"canonical":"https:\/\/larimar-gallery-oax.com\/index.php\/producto\/ya-chupo-faros\/","og_locale":"es_MX","og_type":"article","og_title":"Ya chup\u00f3 faros - LARIMAR Gallery Hotel Boutique","og_description":"Diana Chagoya (mandarina)\u00a0 T\u00e9cnica mixta MDF, cart\u00f3n, ensamblado y pintado 2.40 x 3 m x 20 cm A\u00f1o 2024 $60,000\u00a0","og_url":"https:\/\/larimar-gallery-oax.com\/index.php\/producto\/ya-chupo-faros\/","og_site_name":"LARIMAR Gallery Hotel Boutique","article_publisher":"https:\/\/www.facebook.com\/larimar.gallery","article_modified_time":"2025-10-28T18:19:49+00:00","og_image":[{"width":575,"height":431,"url":"https:\/\/larimar-gallery-oax.com\/wp-content\/uploads\/2024\/10\/Captura-de-Pantalla-2024-10-28-a-las-9.17.45-p.m.png","type":"image\/png"}],"twitter_card":"summary_large_image","twitter_site":"@LarimarGallery","twitter_misc":{"Tiempo de lectura":"1 minuto"},"schema":{"@context":"https:\/\/schema.org","@graph":[{"@type":"WebPage","@id":"https:\/\/larimar-gallery-oax.com\/index.php\/producto\/ya-chupo-faros\/","url":"https:\/\/larimar-gallery-oax.com\/index.php\/producto\/ya-chupo-faros\/","name":"Ya chup\u00f3 faros - LARIMAR Gallery Hotel Boutique","isPartOf":{"@id":"https:\/\/larimar-gallery-oax.com\/#website"},"primaryImageOfPage":{"@id":"https:\/\/larimar-gallery-oax.com\/index.php\/producto\/ya-chupo-faros\/#primaryimage"},"image":{"@id":"https:\/\/larimar-gallery-oax.com\/index.php\/producto\/ya-chupo-faros\/#primaryimage"},"thumbnailUrl":"https:\/\/larimar-gallery-oax.com\/wp-content\/uploads\/2024\/10\/Captura-de-Pantalla-2024-10-28-a-las-9.17.45-p.m.png","datePublished":"2024-10-29T17:45:12+00:00","dateModified":"2025-10-28T18:19:49+00:00","breadcrumb":{"@id":"https:\/\/larimar-gallery-oax.com\/index.php\/producto\/ya-chupo-faros\/#breadcrumb"},"inLanguage":"es","potentialAction":[{"@type":"ReadAction","target":["https:\/\/larimar-gallery-oax.com\/index.php\/producto\/ya-chupo-faros\/"]}]},{"@type":"ImageObject","inLanguage":"es","@id":"https:\/\/larimar-gallery-oax.com\/index.php\/producto\/ya-chupo-faros\/#primaryimage","url":"https:\/\/larimar-gallery-oax.com\/wp-content\/uploads\/2024\/10\/Captura-de-Pantalla-2024-10-28-a-las-9.17.45-p.m.png","contentUrl":"https:\/\/larimar-gallery-oax.com\/wp-content\/uploads\/2024\/10\/Captura-de-Pantalla-2024-10-28-a-las-9.17.45-p.m.png","width":575,"height":431},{"@type":"BreadcrumbList","@id":"https:\/\/larimar-gallery-oax.com\/index.php\/producto\/ya-chupo-faros\/#breadcrumb","itemListElement":[{"@type":"ListItem","position":1,"name":"Inicio","item":"https:\/\/larimar-gallery-oax.com\/"},{"@type":"ListItem","position":2,"name":"Tienda","item":"https:\/\/larimar-gallery-oax.com\/index.php\/tienda\/"},{"@type":"ListItem","position":3,"name":"Ya chup\u00f3 faros"}]},{"@type":"WebSite","@id":"https:\/\/larimar-gallery-oax.com\/#website","url":"https:\/\/larimar-gallery-oax.com\/","name":"LARIMAR Gallery Hotel Boutique","description":"\u00a1Vive una experiencia \u00fanica rodeado de arte!","publisher":{"@id":"https:\/\/larimar-gallery-oax.com\/#organization"},"potentialAction":[{"@type":"SearchAction","target":{"@type":"EntryPoint","urlTemplate":"https:\/\/larimar-gallery-oax.com\/?s={search_term_string}"},"query-input":{"@type":"PropertyValueSpecification","valueRequired":true,"valueName":"search_term_string"}}],"inLanguage":"es"},{"@type":"Organization","@id":"https:\/\/larimar-gallery-oax.com\/#organization","name":"LARIMAR Gallery Hotel Boutique","url":"https:\/\/larimar-gallery-oax.com\/","logo":{"@type":"ImageObject","inLanguage":"es","@id":"https:\/\/larimar-gallery-oax.com\/#\/schema\/logo\/image\/","url":"https:\/\/larimar-gallery-oax.com\/wp-content\/uploads\/2015\/10\/logo_web_larimar-1.png","contentUrl":"https:\/\/larimar-gallery-oax.com\/wp-content\/uploads\/2015\/10\/logo_web_larimar-1.png","width":135,"height":55,"caption":"LARIMAR Gallery Hotel Boutique"},"image":{"@id":"https:\/\/larimar-gallery-oax.com\/#\/schema\/logo\/image\/"},"sameAs":["https:\/\/www.facebook.com\/larimar.gallery","https:\/\/x.com\/LarimarGallery"]}]}},"_links":{"self":[{"href":"https:\/\/larimar-gallery-oax.com\/index.php\/wp-json\/wp\/v2\/product\/5521","targetHints":{"allow":["GET"]}}],"collection":[{"href":"https:\/\/larimar-gallery-oax.com\/index.php\/wp-json\/wp\/v2\/product"}],"about":[{"href":"https:\/\/larimar-gallery-oax.com\/index.php\/wp-json\/wp\/v2\/types\/product"}],"replies":[{"embeddable":true,"href":"https:\/\/larimar-gallery-oax.com\/index.php\/wp-json\/wp\/v2\/comments?post=5521"}],"wp:featuredmedia":[{"embeddable":true,"href":"https:\/\/larimar-gallery-oax.com\/index.php\/wp-json\/wp\/v2\/media\/5490"}],"wp:attachment":[{"href":"https:\/\/larimar-gallery-oax.com\/index.php\/wp-json\/wp\/v2\/media?parent=5521"}],"wp:term":[{"taxonomy":"product_brand","embeddable":true,"href":"https:\/\/larimar-gallery-oax.com\/index.php\/wp-json\/wp\/v2\/product_brand?post=5521"},{"taxonomy":"product_cat","embeddable":true,"href":"https:\/\/larimar-gallery-oax.com\/index.php\/wp-json\/wp\/v2\/product_cat?post=5521"},{"taxonomy":"product_tag","embeddable":true,"href":"https:\/\/larimar-gallery-oax.com\/index.php\/wp-json\/wp\/v2\/product_tag?post=5521"}],"curies":[{"name":"wp","href":"https:\/\/api.w.org\/{rel}","templated":true}]}}