{"id":5850,"date":"2025-09-02T16:24:26","date_gmt":"2025-09-02T16:24:26","guid":{"rendered":"https:\/\/larimar-gallery-oax.com\/?post_type=product&#038;p=5850"},"modified":"2025-09-02T17:45:22","modified_gmt":"2025-09-02T17:45:22","slug":"pinole-150-g","status":"publish","type":"product","link":"https:\/\/larimar-gallery-oax.com\/index.php\/producto\/pinole-150-g\/","title":{"rendered":"Pinole 150 g"},"content":{"rendered":"<p><b>Bebidas<\/b><span style=\"font-weight: 400;\"> con agua o leche: fr\u00edas, calientes, atole<br \/>\n<\/span><\/p>\n<p><span style=\"font-weight: 400;\">Hay diversas maneras de disfrutar el pinole, puede tomarse caliente o fr\u00edo. En cualquiera de sus formas, es f\u00e1cil de preparar y ofrece los mismos beneficios nutricionales.<\/span><\/p>\n<p><span style=\"font-weight: 400;\">Para beberlo <\/span><b>caliente<\/b><span style=\"font-weight: 400;\">: mezclar de una a dos cucharadas de pinole con agua caliente y batir o licuar para integrar y sacar espuma.\u00a0<\/span><\/p>\n<p><span style=\"font-weight: 400;\">Para una versi\u00f3n<\/span><b> fr\u00eda<\/b><span style=\"font-weight: 400;\">: licuar de una a dos cucharadas de pinole con hielo y agua, lo que le da una textura espumosa.\u00a0<\/span><\/p>\n<p><span style=\"font-weight: 400;\">Si se desea, a\u00f1adir endulzante al gusto.<\/span><\/p>\n<ul>\n<li style=\"font-weight: 400;\" aria-level=\"1\"><b>Reposter\u00eda<\/b><span style=\"font-weight: 400;\">: galletas, panes<\/span><\/li>\n<\/ul>\n<p><span style=\"font-weight: 400;\">El consumo de 30g de pinole puede aportar 5.8% del calor recomendado de energ\u00eda para un adulto.\u00a0<\/span><\/p>\n<p><b>Beneficios &#8211; Salud<\/b><\/p>\n<p><b>Nutrientes:<\/b><span style=\"font-weight: 400;\"> carbohidratos, prote\u00ednas, fibra, vitaminas (especialmente del grupo B), y minerales como calcio, hierro, magnesio, potasio y zinc. Adem\u00e1s, contiene antioxidantes y puede ser una buena opci\u00f3n para deportistas por su aporte de energ\u00eda sostenida.<\/span><\/p>\n<p><span style=\"font-weight: 400;\">Los carbohidratos complejos del pinole liberan energ\u00eda gradualmente, lo que lo convierte en una buena opci\u00f3n para actividades que requieren resistencia.<\/span><\/p>\n","protected":false},"excerpt":{"rendered":"<p>Frasco de pinole 150g<br \/>\n<span style=\"font-weight: 400;\">Ma\u00edz nativo tostado y pulverizado con canela<\/span><\/p>\n<p>&nbsp;<\/p>\n","protected":false},"featured_media":5851,"comment_status":"open","ping_status":"closed","template":"","meta":{"_joinchat":[]},"product_brand":[],"product_cat":[164],"product_tag":[],"class_list":{"0":"post-5850","1":"product","2":"type-product","3":"status-publish","4":"has-post-thumbnail","6":"product_cat-maiz-cacao","8":"first","9":"instock","10":"shipping-taxable","11":"purchasable","12":"product-type-simple"},"yoast_head":"<!-- This site is optimized with the Yoast SEO plugin v24.4 - https:\/\/yoast.com\/wordpress\/plugins\/seo\/ -->\n<title>Pinole 150 g - LARIMAR Gallery Hotel Boutique<\/title>\n<meta name=\"robots\" content=\"index, follow, max-snippet:-1, max-image-preview:large, max-video-preview:-1\" \/>\n<link rel=\"canonical\" href=\"https:\/\/larimar-gallery-oax.com\/index.php\/producto\/pinole-150-g\/\" \/>\n<meta property=\"og:locale\" content=\"es_MX\" \/>\n<meta property=\"og:type\" content=\"article\" \/>\n<meta property=\"og:title\" content=\"Pinole 150 g - LARIMAR Gallery Hotel Boutique\" \/>\n<meta property=\"og:description\" content=\"Frasco de pinole 150g Ma\u00edz nativo tostado y pulverizado con canela  &nbsp;\" \/>\n<meta property=\"og:url\" content=\"https:\/\/larimar-gallery-oax.com\/index.php\/producto\/pinole-150-g\/\" \/>\n<meta property=\"og:site_name\" content=\"LARIMAR Gallery Hotel Boutique\" \/>\n<meta property=\"article:publisher\" content=\"https:\/\/www.facebook.com\/larimar.gallery\" \/>\n<meta property=\"article:modified_time\" content=\"2025-09-02T17:45:22+00:00\" \/>\n<meta property=\"og:image\" content=\"https:\/\/larimar-gallery-oax.com\/wp-content\/uploads\/2025\/09\/2.Tascalate-scaled.jpg\" \/>\n\t<meta property=\"og:image:width\" content=\"2560\" \/>\n\t<meta property=\"og:image:height\" content=\"1707\" \/>\n\t<meta property=\"og:image:type\" content=\"image\/jpeg\" \/>\n<meta name=\"twitter:card\" content=\"summary_large_image\" \/>\n<meta name=\"twitter:site\" content=\"@LarimarGallery\" \/>\n<meta name=\"twitter:label1\" content=\"Tiempo de lectura\" \/>\n\t<meta name=\"twitter:data1\" content=\"1 minuto\" \/>\n<script type=\"application\/ld+json\" class=\"yoast-schema-graph\">{\"@context\":\"https:\/\/schema.org\",\"@graph\":[{\"@type\":\"WebPage\",\"@id\":\"https:\/\/larimar-gallery-oax.com\/index.php\/producto\/pinole-150-g\/\",\"url\":\"https:\/\/larimar-gallery-oax.com\/index.php\/producto\/pinole-150-g\/\",\"name\":\"Pinole 150 g - LARIMAR Gallery Hotel Boutique\",\"isPartOf\":{\"@id\":\"https:\/\/larimar-gallery-oax.com\/#website\"},\"primaryImageOfPage\":{\"@id\":\"https:\/\/larimar-gallery-oax.com\/index.php\/producto\/pinole-150-g\/#primaryimage\"},\"image\":{\"@id\":\"https:\/\/larimar-gallery-oax.com\/index.php\/producto\/pinole-150-g\/#primaryimage\"},\"thumbnailUrl\":\"https:\/\/larimar-gallery-oax.com\/wp-content\/uploads\/2025\/09\/2.Tascalate-scaled.jpg\",\"datePublished\":\"2025-09-02T16:24:26+00:00\",\"dateModified\":\"2025-09-02T17:45:22+00:00\",\"breadcrumb\":{\"@id\":\"https:\/\/larimar-gallery-oax.com\/index.php\/producto\/pinole-150-g\/#breadcrumb\"},\"inLanguage\":\"es\",\"potentialAction\":[{\"@type\":\"ReadAction\",\"target\":[\"https:\/\/larimar-gallery-oax.com\/index.php\/producto\/pinole-150-g\/\"]}]},{\"@type\":\"ImageObject\",\"inLanguage\":\"es\",\"@id\":\"https:\/\/larimar-gallery-oax.com\/index.php\/producto\/pinole-150-g\/#primaryimage\",\"url\":\"https:\/\/larimar-gallery-oax.com\/wp-content\/uploads\/2025\/09\/2.Tascalate-scaled.jpg\",\"contentUrl\":\"https:\/\/larimar-gallery-oax.com\/wp-content\/uploads\/2025\/09\/2.Tascalate-scaled.jpg\",\"width\":2560,\"height\":1707},{\"@type\":\"BreadcrumbList\",\"@id\":\"https:\/\/larimar-gallery-oax.com\/index.php\/producto\/pinole-150-g\/#breadcrumb\",\"itemListElement\":[{\"@type\":\"ListItem\",\"position\":1,\"name\":\"Inicio\",\"item\":\"https:\/\/larimar-gallery-oax.com\/\"},{\"@type\":\"ListItem\",\"position\":2,\"name\":\"Tienda\",\"item\":\"https:\/\/larimar-gallery-oax.com\/index.php\/tienda\/\"},{\"@type\":\"ListItem\",\"position\":3,\"name\":\"Pinole 150 g\"}]},{\"@type\":\"WebSite\",\"@id\":\"https:\/\/larimar-gallery-oax.com\/#website\",\"url\":\"https:\/\/larimar-gallery-oax.com\/\",\"name\":\"LARIMAR Gallery Hotel Boutique\",\"description\":\"\u00a1Vive una experiencia \u00fanica rodeado de arte!\",\"publisher\":{\"@id\":\"https:\/\/larimar-gallery-oax.com\/#organization\"},\"potentialAction\":[{\"@type\":\"SearchAction\",\"target\":{\"@type\":\"EntryPoint\",\"urlTemplate\":\"https:\/\/larimar-gallery-oax.com\/?s={search_term_string}\"},\"query-input\":{\"@type\":\"PropertyValueSpecification\",\"valueRequired\":true,\"valueName\":\"search_term_string\"}}],\"inLanguage\":\"es\"},{\"@type\":\"Organization\",\"@id\":\"https:\/\/larimar-gallery-oax.com\/#organization\",\"name\":\"LARIMAR Gallery Hotel Boutique\",\"url\":\"https:\/\/larimar-gallery-oax.com\/\",\"logo\":{\"@type\":\"ImageObject\",\"inLanguage\":\"es\",\"@id\":\"https:\/\/larimar-gallery-oax.com\/#\/schema\/logo\/image\/\",\"url\":\"https:\/\/larimar-gallery-oax.com\/wp-content\/uploads\/2015\/10\/logo_web_larimar-1.png\",\"contentUrl\":\"https:\/\/larimar-gallery-oax.com\/wp-content\/uploads\/2015\/10\/logo_web_larimar-1.png\",\"width\":135,\"height\":55,\"caption\":\"LARIMAR Gallery Hotel Boutique\"},\"image\":{\"@id\":\"https:\/\/larimar-gallery-oax.com\/#\/schema\/logo\/image\/\"},\"sameAs\":[\"https:\/\/www.facebook.com\/larimar.gallery\",\"https:\/\/x.com\/LarimarGallery\"]}]}<\/script>\n<!-- \/ Yoast SEO plugin. -->","yoast_head_json":{"title":"Pinole 150 g - LARIMAR Gallery Hotel Boutique","robots":{"index":"index","follow":"follow","max-snippet":"max-snippet:-1","max-image-preview":"max-image-preview:large","max-video-preview":"max-video-preview:-1"},"canonical":"https:\/\/larimar-gallery-oax.com\/index.php\/producto\/pinole-150-g\/","og_locale":"es_MX","og_type":"article","og_title":"Pinole 150 g - LARIMAR Gallery Hotel Boutique","og_description":"Frasco de pinole 150g Ma\u00edz nativo tostado y pulverizado con canela  &nbsp;","og_url":"https:\/\/larimar-gallery-oax.com\/index.php\/producto\/pinole-150-g\/","og_site_name":"LARIMAR Gallery Hotel Boutique","article_publisher":"https:\/\/www.facebook.com\/larimar.gallery","article_modified_time":"2025-09-02T17:45:22+00:00","og_image":[{"width":2560,"height":1707,"url":"https:\/\/larimar-gallery-oax.com\/wp-content\/uploads\/2025\/09\/2.Tascalate-scaled.jpg","type":"image\/jpeg"}],"twitter_card":"summary_large_image","twitter_site":"@LarimarGallery","twitter_misc":{"Tiempo de lectura":"1 minuto"},"schema":{"@context":"https:\/\/schema.org","@graph":[{"@type":"WebPage","@id":"https:\/\/larimar-gallery-oax.com\/index.php\/producto\/pinole-150-g\/","url":"https:\/\/larimar-gallery-oax.com\/index.php\/producto\/pinole-150-g\/","name":"Pinole 150 g - LARIMAR Gallery Hotel Boutique","isPartOf":{"@id":"https:\/\/larimar-gallery-oax.com\/#website"},"primaryImageOfPage":{"@id":"https:\/\/larimar-gallery-oax.com\/index.php\/producto\/pinole-150-g\/#primaryimage"},"image":{"@id":"https:\/\/larimar-gallery-oax.com\/index.php\/producto\/pinole-150-g\/#primaryimage"},"thumbnailUrl":"https:\/\/larimar-gallery-oax.com\/wp-content\/uploads\/2025\/09\/2.Tascalate-scaled.jpg","datePublished":"2025-09-02T16:24:26+00:00","dateModified":"2025-09-02T17:45:22+00:00","breadcrumb":{"@id":"https:\/\/larimar-gallery-oax.com\/index.php\/producto\/pinole-150-g\/#breadcrumb"},"inLanguage":"es","potentialAction":[{"@type":"ReadAction","target":["https:\/\/larimar-gallery-oax.com\/index.php\/producto\/pinole-150-g\/"]}]},{"@type":"ImageObject","inLanguage":"es","@id":"https:\/\/larimar-gallery-oax.com\/index.php\/producto\/pinole-150-g\/#primaryimage","url":"https:\/\/larimar-gallery-oax.com\/wp-content\/uploads\/2025\/09\/2.Tascalate-scaled.jpg","contentUrl":"https:\/\/larimar-gallery-oax.com\/wp-content\/uploads\/2025\/09\/2.Tascalate-scaled.jpg","width":2560,"height":1707},{"@type":"BreadcrumbList","@id":"https:\/\/larimar-gallery-oax.com\/index.php\/producto\/pinole-150-g\/#breadcrumb","itemListElement":[{"@type":"ListItem","position":1,"name":"Inicio","item":"https:\/\/larimar-gallery-oax.com\/"},{"@type":"ListItem","position":2,"name":"Tienda","item":"https:\/\/larimar-gallery-oax.com\/index.php\/tienda\/"},{"@type":"ListItem","position":3,"name":"Pinole 150 g"}]},{"@type":"WebSite","@id":"https:\/\/larimar-gallery-oax.com\/#website","url":"https:\/\/larimar-gallery-oax.com\/","name":"LARIMAR Gallery Hotel Boutique","description":"\u00a1Vive una experiencia \u00fanica rodeado de arte!","publisher":{"@id":"https:\/\/larimar-gallery-oax.com\/#organization"},"potentialAction":[{"@type":"SearchAction","target":{"@type":"EntryPoint","urlTemplate":"https:\/\/larimar-gallery-oax.com\/?s={search_term_string}"},"query-input":{"@type":"PropertyValueSpecification","valueRequired":true,"valueName":"search_term_string"}}],"inLanguage":"es"},{"@type":"Organization","@id":"https:\/\/larimar-gallery-oax.com\/#organization","name":"LARIMAR Gallery Hotel Boutique","url":"https:\/\/larimar-gallery-oax.com\/","logo":{"@type":"ImageObject","inLanguage":"es","@id":"https:\/\/larimar-gallery-oax.com\/#\/schema\/logo\/image\/","url":"https:\/\/larimar-gallery-oax.com\/wp-content\/uploads\/2015\/10\/logo_web_larimar-1.png","contentUrl":"https:\/\/larimar-gallery-oax.com\/wp-content\/uploads\/2015\/10\/logo_web_larimar-1.png","width":135,"height":55,"caption":"LARIMAR Gallery Hotel Boutique"},"image":{"@id":"https:\/\/larimar-gallery-oax.com\/#\/schema\/logo\/image\/"},"sameAs":["https:\/\/www.facebook.com\/larimar.gallery","https:\/\/x.com\/LarimarGallery"]}]}},"_links":{"self":[{"href":"https:\/\/larimar-gallery-oax.com\/index.php\/wp-json\/wp\/v2\/product\/5850","targetHints":{"allow":["GET"]}}],"collection":[{"href":"https:\/\/larimar-gallery-oax.com\/index.php\/wp-json\/wp\/v2\/product"}],"about":[{"href":"https:\/\/larimar-gallery-oax.com\/index.php\/wp-json\/wp\/v2\/types\/product"}],"replies":[{"embeddable":true,"href":"https:\/\/larimar-gallery-oax.com\/index.php\/wp-json\/wp\/v2\/comments?post=5850"}],"wp:featuredmedia":[{"embeddable":true,"href":"https:\/\/larimar-gallery-oax.com\/index.php\/wp-json\/wp\/v2\/media\/5851"}],"wp:attachment":[{"href":"https:\/\/larimar-gallery-oax.com\/index.php\/wp-json\/wp\/v2\/media?parent=5850"}],"wp:term":[{"taxonomy":"product_brand","embeddable":true,"href":"https:\/\/larimar-gallery-oax.com\/index.php\/wp-json\/wp\/v2\/product_brand?post=5850"},{"taxonomy":"product_cat","embeddable":true,"href":"https:\/\/larimar-gallery-oax.com\/index.php\/wp-json\/wp\/v2\/product_cat?post=5850"},{"taxonomy":"product_tag","embeddable":true,"href":"https:\/\/larimar-gallery-oax.com\/index.php\/wp-json\/wp\/v2\/product_tag?post=5850"}],"curies":[{"name":"wp","href":"https:\/\/api.w.org\/{rel}","templated":true}]}}