{"id":5869,"date":"2025-09-02T18:54:39","date_gmt":"2025-09-02T18:54:39","guid":{"rendered":"https:\/\/larimar-gallery-oax.com\/?post_type=product&#038;p=5869"},"modified":"2025-09-02T18:54:39","modified_gmt":"2025-09-02T18:54:39","slug":"cacahuatole-700-g-frasco","status":"publish","type":"product","link":"https:\/\/larimar-gallery-oax.com\/index.php\/producto\/cacahuatole-700-g-frasco\/","title":{"rendered":"Cacahuatole 700 g &#8211; Frasco"},"content":{"rendered":"<p><strong>USO<\/strong><\/p>\n<p><b>Bebidas<\/b>\u00a0con agua o leche: fr\u00edas, calientes, atole<\/p>\n<p>Hay diversas maneras de disfrutar el cacahuatole, puede tomarse caliente o fr\u00edo. En cualquiera de sus formas, es f\u00e1cil de preparar y ofrece los mismos beneficios nutricionales.<\/p>\n<p>Para beberlo\u00a0<b>caliente<\/b>: mezclar dos cucharadas de cacahuatole con agua caliente y batir o licuar para integrar y sacar espuma.<\/p>\n<p>Para una versi\u00f3n<b>\u00a0fr\u00eda<\/b>: licuar de una a dos cucharadas del cacahuatole con hielo y agua, lo que le da una textura espumosa.<\/p>\n<p>Si se desea, a\u00f1adir endulzante al gusto.<\/p>\n<p><b>Reposter\u00eda:<\/b>\u00a0galletas, panes<\/p>\n<p>&nbsp;<\/p>\n<p><b>Beneficios \u2013 Salud<\/b><\/p>\n<p>Se ha sugerido que el cacahuatole puede tener un efecto\u00a0<a href=\"https:\/\/www.google.com\/search?sca_esv=52e1e9b7e774a509&amp;rlz=1C5CHFA_enEC1018EC1019&amp;cs=0&amp;sxsrf=AE3TifOfUOY7tc3liF6wfxvlNb5dzmQJdg%3A1752271390572&amp;q=hipotensor&amp;sa=X&amp;ved=2ahUKEwjzoI_O57WOAxWCle4BHTH9F5EQxccNegQIIhAB&amp;mstk=AUtExfCINlbYfKVi0ol40WhqlA6pCPONwIswQP-8nQ4o3d_M-U9HqysIRcLpm6D9rqm9vapR8QyayVjCC6UxB_U2l-ZOrqd_r7UQk5pulTGKLN0jm-okecuY6ysWkvByH4SbdVr4A3aHVU7JTHb2CgW0117PUVz8o2U45EMc7Y-R4GJtY2cPsUEILNFMKJv6BvyYpSs3vTOoJBANjw95-Fd0yCwfJbuhUJclqgRz4wgydYzT1-YIGlNg_g5t9j55mwlOt4k0sUjCO73VqFZfHhFq48kG&amp;csui=3\">hipotensor<\/a>\u00a0y disminuir la vasodilataci\u00f3n perif\u00e9rica, lo que podr\u00eda beneficiar la salud del coraz\u00f3n.<\/p>\n<p>Proporciona energ\u00eda sostenida y puede favorecer el rendimiento de los procesos cognitivos.<\/p>\n<p><b>Nutrientes<\/b>: fibra, antioxidantes, calcio, potasio, magnesio, f\u00f3sforo, zinc, vitamina B1 y B7.<\/p>\n<p>&nbsp;<\/p>\n<p><b>Medio Ambiente<\/b><\/p>\n<p>Ma\u00edz nativo, haba, cacao, canela, an\u00eds y gonolobus de producciones agroecol\u00f3gicas<\/p>\n<p>&nbsp;<\/p>\n<p><b>Comunidades<\/b><\/p>\n<p>Impacto positivo en CDMX, Puebla y Tlaxcala.<\/p>\n","protected":false},"excerpt":{"rendered":"<p>Ma\u00edz nativo, haba, cacao, canela, an\u00eds y gonolobus<\/p>\n","protected":false},"featured_media":5867,"comment_status":"open","ping_status":"closed","template":"","meta":{"_joinchat":[]},"product_brand":[],"product_cat":[164],"product_tag":[],"class_list":{"0":"post-5869","1":"product","2":"type-product","3":"status-publish","4":"has-post-thumbnail","6":"product_cat-maiz-cacao","8":"first","9":"instock","10":"shipping-taxable","11":"purchasable","12":"product-type-simple"},"yoast_head":"<!-- This site is optimized with the Yoast SEO plugin v24.4 - https:\/\/yoast.com\/wordpress\/plugins\/seo\/ -->\n<title>Cacahuatole 700 g - Frasco - LARIMAR Gallery Hotel Boutique<\/title>\n<meta name=\"robots\" content=\"index, follow, max-snippet:-1, max-image-preview:large, max-video-preview:-1\" \/>\n<link rel=\"canonical\" href=\"https:\/\/larimar-gallery-oax.com\/index.php\/producto\/cacahuatole-700-g-frasco\/\" \/>\n<meta property=\"og:locale\" content=\"es_MX\" \/>\n<meta property=\"og:type\" content=\"article\" \/>\n<meta property=\"og:title\" content=\"Cacahuatole 700 g - Frasco - LARIMAR Gallery Hotel Boutique\" \/>\n<meta property=\"og:description\" content=\"Ma\u00edz nativo, haba, cacao, canela, an\u00eds y gonolobus\" \/>\n<meta property=\"og:url\" content=\"https:\/\/larimar-gallery-oax.com\/index.php\/producto\/cacahuatole-700-g-frasco\/\" \/>\n<meta property=\"og:site_name\" content=\"LARIMAR Gallery Hotel Boutique\" \/>\n<meta property=\"article:publisher\" content=\"https:\/\/www.facebook.com\/larimar.gallery\" \/>\n<meta property=\"og:image\" content=\"https:\/\/larimar-gallery-oax.com\/wp-content\/uploads\/2025\/09\/3.cacahuatole-scaled.png\" \/>\n\t<meta property=\"og:image:width\" content=\"1808\" \/>\n\t<meta property=\"og:image:height\" content=\"2560\" \/>\n\t<meta property=\"og:image:type\" content=\"image\/png\" \/>\n<meta name=\"twitter:card\" content=\"summary_large_image\" \/>\n<meta name=\"twitter:site\" content=\"@LarimarGallery\" \/>\n<meta name=\"twitter:label1\" content=\"Tiempo de lectura\" \/>\n\t<meta name=\"twitter:data1\" content=\"1 minuto\" \/>\n<script type=\"application\/ld+json\" class=\"yoast-schema-graph\">{\"@context\":\"https:\/\/schema.org\",\"@graph\":[{\"@type\":\"WebPage\",\"@id\":\"https:\/\/larimar-gallery-oax.com\/index.php\/producto\/cacahuatole-700-g-frasco\/\",\"url\":\"https:\/\/larimar-gallery-oax.com\/index.php\/producto\/cacahuatole-700-g-frasco\/\",\"name\":\"Cacahuatole 700 g - Frasco - LARIMAR Gallery Hotel Boutique\",\"isPartOf\":{\"@id\":\"https:\/\/larimar-gallery-oax.com\/#website\"},\"primaryImageOfPage\":{\"@id\":\"https:\/\/larimar-gallery-oax.com\/index.php\/producto\/cacahuatole-700-g-frasco\/#primaryimage\"},\"image\":{\"@id\":\"https:\/\/larimar-gallery-oax.com\/index.php\/producto\/cacahuatole-700-g-frasco\/#primaryimage\"},\"thumbnailUrl\":\"https:\/\/larimar-gallery-oax.com\/wp-content\/uploads\/2025\/09\/3.cacahuatole-scaled.png\",\"datePublished\":\"2025-09-02T18:54:39+00:00\",\"breadcrumb\":{\"@id\":\"https:\/\/larimar-gallery-oax.com\/index.php\/producto\/cacahuatole-700-g-frasco\/#breadcrumb\"},\"inLanguage\":\"es\",\"potentialAction\":[{\"@type\":\"ReadAction\",\"target\":[\"https:\/\/larimar-gallery-oax.com\/index.php\/producto\/cacahuatole-700-g-frasco\/\"]}]},{\"@type\":\"ImageObject\",\"inLanguage\":\"es\",\"@id\":\"https:\/\/larimar-gallery-oax.com\/index.php\/producto\/cacahuatole-700-g-frasco\/#primaryimage\",\"url\":\"https:\/\/larimar-gallery-oax.com\/wp-content\/uploads\/2025\/09\/3.cacahuatole-scaled.png\",\"contentUrl\":\"https:\/\/larimar-gallery-oax.com\/wp-content\/uploads\/2025\/09\/3.cacahuatole-scaled.png\",\"width\":1808,\"height\":2560},{\"@type\":\"BreadcrumbList\",\"@id\":\"https:\/\/larimar-gallery-oax.com\/index.php\/producto\/cacahuatole-700-g-frasco\/#breadcrumb\",\"itemListElement\":[{\"@type\":\"ListItem\",\"position\":1,\"name\":\"Inicio\",\"item\":\"https:\/\/larimar-gallery-oax.com\/\"},{\"@type\":\"ListItem\",\"position\":2,\"name\":\"Tienda\",\"item\":\"https:\/\/larimar-gallery-oax.com\/index.php\/tienda\/\"},{\"@type\":\"ListItem\",\"position\":3,\"name\":\"Cacahuatole 700 g &#8211; Frasco\"}]},{\"@type\":\"WebSite\",\"@id\":\"https:\/\/larimar-gallery-oax.com\/#website\",\"url\":\"https:\/\/larimar-gallery-oax.com\/\",\"name\":\"LARIMAR Gallery Hotel Boutique\",\"description\":\"\u00a1Vive una experiencia \u00fanica rodeado de arte!\",\"publisher\":{\"@id\":\"https:\/\/larimar-gallery-oax.com\/#organization\"},\"potentialAction\":[{\"@type\":\"SearchAction\",\"target\":{\"@type\":\"EntryPoint\",\"urlTemplate\":\"https:\/\/larimar-gallery-oax.com\/?s={search_term_string}\"},\"query-input\":{\"@type\":\"PropertyValueSpecification\",\"valueRequired\":true,\"valueName\":\"search_term_string\"}}],\"inLanguage\":\"es\"},{\"@type\":\"Organization\",\"@id\":\"https:\/\/larimar-gallery-oax.com\/#organization\",\"name\":\"LARIMAR Gallery Hotel Boutique\",\"url\":\"https:\/\/larimar-gallery-oax.com\/\",\"logo\":{\"@type\":\"ImageObject\",\"inLanguage\":\"es\",\"@id\":\"https:\/\/larimar-gallery-oax.com\/#\/schema\/logo\/image\/\",\"url\":\"https:\/\/larimar-gallery-oax.com\/wp-content\/uploads\/2015\/10\/logo_web_larimar-1.png\",\"contentUrl\":\"https:\/\/larimar-gallery-oax.com\/wp-content\/uploads\/2015\/10\/logo_web_larimar-1.png\",\"width\":135,\"height\":55,\"caption\":\"LARIMAR Gallery Hotel Boutique\"},\"image\":{\"@id\":\"https:\/\/larimar-gallery-oax.com\/#\/schema\/logo\/image\/\"},\"sameAs\":[\"https:\/\/www.facebook.com\/larimar.gallery\",\"https:\/\/x.com\/LarimarGallery\"]}]}<\/script>\n<!-- \/ Yoast SEO plugin. -->","yoast_head_json":{"title":"Cacahuatole 700 g - Frasco - LARIMAR Gallery Hotel Boutique","robots":{"index":"index","follow":"follow","max-snippet":"max-snippet:-1","max-image-preview":"max-image-preview:large","max-video-preview":"max-video-preview:-1"},"canonical":"https:\/\/larimar-gallery-oax.com\/index.php\/producto\/cacahuatole-700-g-frasco\/","og_locale":"es_MX","og_type":"article","og_title":"Cacahuatole 700 g - Frasco - LARIMAR Gallery Hotel Boutique","og_description":"Ma\u00edz nativo, haba, cacao, canela, an\u00eds y gonolobus","og_url":"https:\/\/larimar-gallery-oax.com\/index.php\/producto\/cacahuatole-700-g-frasco\/","og_site_name":"LARIMAR Gallery Hotel Boutique","article_publisher":"https:\/\/www.facebook.com\/larimar.gallery","og_image":[{"width":1808,"height":2560,"url":"https:\/\/larimar-gallery-oax.com\/wp-content\/uploads\/2025\/09\/3.cacahuatole-scaled.png","type":"image\/png"}],"twitter_card":"summary_large_image","twitter_site":"@LarimarGallery","twitter_misc":{"Tiempo de lectura":"1 minuto"},"schema":{"@context":"https:\/\/schema.org","@graph":[{"@type":"WebPage","@id":"https:\/\/larimar-gallery-oax.com\/index.php\/producto\/cacahuatole-700-g-frasco\/","url":"https:\/\/larimar-gallery-oax.com\/index.php\/producto\/cacahuatole-700-g-frasco\/","name":"Cacahuatole 700 g - Frasco - LARIMAR Gallery Hotel Boutique","isPartOf":{"@id":"https:\/\/larimar-gallery-oax.com\/#website"},"primaryImageOfPage":{"@id":"https:\/\/larimar-gallery-oax.com\/index.php\/producto\/cacahuatole-700-g-frasco\/#primaryimage"},"image":{"@id":"https:\/\/larimar-gallery-oax.com\/index.php\/producto\/cacahuatole-700-g-frasco\/#primaryimage"},"thumbnailUrl":"https:\/\/larimar-gallery-oax.com\/wp-content\/uploads\/2025\/09\/3.cacahuatole-scaled.png","datePublished":"2025-09-02T18:54:39+00:00","breadcrumb":{"@id":"https:\/\/larimar-gallery-oax.com\/index.php\/producto\/cacahuatole-700-g-frasco\/#breadcrumb"},"inLanguage":"es","potentialAction":[{"@type":"ReadAction","target":["https:\/\/larimar-gallery-oax.com\/index.php\/producto\/cacahuatole-700-g-frasco\/"]}]},{"@type":"ImageObject","inLanguage":"es","@id":"https:\/\/larimar-gallery-oax.com\/index.php\/producto\/cacahuatole-700-g-frasco\/#primaryimage","url":"https:\/\/larimar-gallery-oax.com\/wp-content\/uploads\/2025\/09\/3.cacahuatole-scaled.png","contentUrl":"https:\/\/larimar-gallery-oax.com\/wp-content\/uploads\/2025\/09\/3.cacahuatole-scaled.png","width":1808,"height":2560},{"@type":"BreadcrumbList","@id":"https:\/\/larimar-gallery-oax.com\/index.php\/producto\/cacahuatole-700-g-frasco\/#breadcrumb","itemListElement":[{"@type":"ListItem","position":1,"name":"Inicio","item":"https:\/\/larimar-gallery-oax.com\/"},{"@type":"ListItem","position":2,"name":"Tienda","item":"https:\/\/larimar-gallery-oax.com\/index.php\/tienda\/"},{"@type":"ListItem","position":3,"name":"Cacahuatole 700 g &#8211; Frasco"}]},{"@type":"WebSite","@id":"https:\/\/larimar-gallery-oax.com\/#website","url":"https:\/\/larimar-gallery-oax.com\/","name":"LARIMAR Gallery Hotel Boutique","description":"\u00a1Vive una experiencia \u00fanica rodeado de arte!","publisher":{"@id":"https:\/\/larimar-gallery-oax.com\/#organization"},"potentialAction":[{"@type":"SearchAction","target":{"@type":"EntryPoint","urlTemplate":"https:\/\/larimar-gallery-oax.com\/?s={search_term_string}"},"query-input":{"@type":"PropertyValueSpecification","valueRequired":true,"valueName":"search_term_string"}}],"inLanguage":"es"},{"@type":"Organization","@id":"https:\/\/larimar-gallery-oax.com\/#organization","name":"LARIMAR Gallery Hotel Boutique","url":"https:\/\/larimar-gallery-oax.com\/","logo":{"@type":"ImageObject","inLanguage":"es","@id":"https:\/\/larimar-gallery-oax.com\/#\/schema\/logo\/image\/","url":"https:\/\/larimar-gallery-oax.com\/wp-content\/uploads\/2015\/10\/logo_web_larimar-1.png","contentUrl":"https:\/\/larimar-gallery-oax.com\/wp-content\/uploads\/2015\/10\/logo_web_larimar-1.png","width":135,"height":55,"caption":"LARIMAR Gallery Hotel Boutique"},"image":{"@id":"https:\/\/larimar-gallery-oax.com\/#\/schema\/logo\/image\/"},"sameAs":["https:\/\/www.facebook.com\/larimar.gallery","https:\/\/x.com\/LarimarGallery"]}]}},"_links":{"self":[{"href":"https:\/\/larimar-gallery-oax.com\/index.php\/wp-json\/wp\/v2\/product\/5869","targetHints":{"allow":["GET"]}}],"collection":[{"href":"https:\/\/larimar-gallery-oax.com\/index.php\/wp-json\/wp\/v2\/product"}],"about":[{"href":"https:\/\/larimar-gallery-oax.com\/index.php\/wp-json\/wp\/v2\/types\/product"}],"replies":[{"embeddable":true,"href":"https:\/\/larimar-gallery-oax.com\/index.php\/wp-json\/wp\/v2\/comments?post=5869"}],"wp:featuredmedia":[{"embeddable":true,"href":"https:\/\/larimar-gallery-oax.com\/index.php\/wp-json\/wp\/v2\/media\/5867"}],"wp:attachment":[{"href":"https:\/\/larimar-gallery-oax.com\/index.php\/wp-json\/wp\/v2\/media?parent=5869"}],"wp:term":[{"taxonomy":"product_brand","embeddable":true,"href":"https:\/\/larimar-gallery-oax.com\/index.php\/wp-json\/wp\/v2\/product_brand?post=5869"},{"taxonomy":"product_cat","embeddable":true,"href":"https:\/\/larimar-gallery-oax.com\/index.php\/wp-json\/wp\/v2\/product_cat?post=5869"},{"taxonomy":"product_tag","embeddable":true,"href":"https:\/\/larimar-gallery-oax.com\/index.php\/wp-json\/wp\/v2\/product_tag?post=5869"}],"curies":[{"name":"wp","href":"https:\/\/api.w.org\/{rel}","templated":true}]}}