{"id":5874,"date":"2025-09-02T19:10:50","date_gmt":"2025-09-02T19:10:50","guid":{"rendered":"https:\/\/larimar-gallery-oax.com\/?post_type=product&#038;p=5874"},"modified":"2025-09-02T19:10:50","modified_gmt":"2025-09-02T19:10:50","slug":"galletas-de-maiz-gourmet-dulces-100-g","status":"publish","type":"product","link":"https:\/\/larimar-gallery-oax.com\/index.php\/producto\/galletas-de-maiz-gourmet-dulces-100-g\/","title":{"rendered":"Galletas de ma\u00edz gourmet dulces 100 g"},"content":{"rendered":"<p><strong>USO<\/strong><\/p>\n<p>Deliciosas galletas de ma\u00edz nativo, agroecol\u00f3gico, elaboradas de forma artesanal. Ingredientes 100 % naturales, sin conservantes ni aditivos.<\/p>\n<p>Para disfrutar en cualquier momento del d\u00eda y tener un espacio de conexi\u00f3n con los diferentes sabores del ma\u00edz nativo.<\/p>\n<p>&nbsp;<\/p>\n<p><strong>Beneficios \u2013 Salud<\/strong><\/p>\n<p>Adem\u00e1s de su valor cultural y culinario, el ma\u00edz nativo tambi\u00e9n ofrece una serie de beneficios para la salud. Es una fuente rica de fibra, vitaminas y minerales esenciales para el funcionamiento adecuado del organismo.<\/p>\n<p>La fibra presente en el ma\u00edz nativo ayuda a mejorar la digesti\u00f3n. Tambi\u00e9n contribuye a mantener niveles saludables de colesterol y glucosa en la sangre, lo que puede ayudar a prevenir enfermedades cardiovasculares.<\/p>\n<p>En cuanto a las vitaminas y minerales, el ma\u00edz nativo es especialmente rico en vitamina B, \u00e1cido f\u00f3lico y magnesio. Estos nutrientes son esenciales para el desarrollo y funcionamiento del sistema nervioso, la formaci\u00f3n de gl\u00f3bulos rojos y la salud \u00f3sea, entre otros beneficios.<\/p>\n<p>Adem\u00e1s, el ma\u00edz nativo contiene antioxidantes que ayudan a proteger el cuerpo contra el da\u00f1o de los radicales libres, lo que puede contribuir a la prevenci\u00f3n de enfermedades cr\u00f3nicas como el c\u00e1ncer y el envejecimiento prematuro.<\/p>\n<p>&nbsp;<\/p>\n<p><strong>Medio ambiente<\/strong><\/p>\n<p>Elaboradas con ingredientes de producci\u00f3n agroecol\u00f3gica<\/p>\n<p>&nbsp;<\/p>\n<p><strong>Comunidades<\/strong><\/p>\n<p>Impacto positivo en: Tlaxcala, Oaxaca, Estado de M\u00e9xico y Puebla.<\/p>\n","protected":false},"excerpt":{"rendered":"<p>Ma\u00edz nativo, huevo, mantequilla, piloncillo.<\/p>\n<p>Sabores naturales\u00a0<i>(cacao, pataxtle, coco, naranja, an\u00eds, nuez, jengibre, tascalate, cacahuatole<\/i><\/p>\n","protected":false},"featured_media":5873,"comment_status":"open","ping_status":"closed","template":"","meta":{"_joinchat":[]},"product_brand":[],"product_cat":[164],"product_tag":[],"class_list":{"0":"post-5874","1":"product","2":"type-product","3":"status-publish","4":"has-post-thumbnail","6":"product_cat-maiz-cacao","8":"first","9":"instock","10":"shipping-taxable","11":"purchasable","12":"product-type-simple"},"yoast_head":"<!-- This site is optimized with the Yoast SEO plugin v24.4 - https:\/\/yoast.com\/wordpress\/plugins\/seo\/ -->\n<title>Galletas de ma\u00edz gourmet dulces 100 g - LARIMAR Gallery Hotel Boutique<\/title>\n<meta name=\"robots\" content=\"index, follow, max-snippet:-1, max-image-preview:large, max-video-preview:-1\" \/>\n<link rel=\"canonical\" href=\"https:\/\/larimar-gallery-oax.com\/index.php\/producto\/galletas-de-maiz-gourmet-dulces-100-g\/\" \/>\n<meta property=\"og:locale\" content=\"es_MX\" \/>\n<meta property=\"og:type\" content=\"article\" \/>\n<meta property=\"og:title\" content=\"Galletas de ma\u00edz gourmet dulces 100 g - LARIMAR Gallery Hotel Boutique\" \/>\n<meta property=\"og:description\" content=\"Ma\u00edz nativo, huevo, mantequilla, piloncillo.  Sabores naturales\u00a0(cacao, pataxtle, coco, naranja, an\u00eds, nuez, jengibre, tascalate, cacahuatole\" \/>\n<meta property=\"og:url\" content=\"https:\/\/larimar-gallery-oax.com\/index.php\/producto\/galletas-de-maiz-gourmet-dulces-100-g\/\" \/>\n<meta property=\"og:site_name\" content=\"LARIMAR Gallery Hotel Boutique\" \/>\n<meta property=\"article:publisher\" content=\"https:\/\/www.facebook.com\/larimar.gallery\" \/>\n<meta property=\"og:image\" content=\"https:\/\/larimar-gallery-oax.com\/wp-content\/uploads\/2025\/09\/4.Galletas-de-maiz-gourmet-Dulces.jpeg\" \/>\n\t<meta property=\"og:image:width\" content=\"1080\" \/>\n\t<meta property=\"og:image:height\" content=\"1082\" \/>\n\t<meta property=\"og:image:type\" content=\"image\/jpeg\" \/>\n<meta name=\"twitter:card\" content=\"summary_large_image\" \/>\n<meta name=\"twitter:site\" content=\"@LarimarGallery\" \/>\n<meta name=\"twitter:label1\" content=\"Tiempo de lectura\" \/>\n\t<meta name=\"twitter:data1\" content=\"2 minutos\" \/>\n<script type=\"application\/ld+json\" class=\"yoast-schema-graph\">{\"@context\":\"https:\/\/schema.org\",\"@graph\":[{\"@type\":\"WebPage\",\"@id\":\"https:\/\/larimar-gallery-oax.com\/index.php\/producto\/galletas-de-maiz-gourmet-dulces-100-g\/\",\"url\":\"https:\/\/larimar-gallery-oax.com\/index.php\/producto\/galletas-de-maiz-gourmet-dulces-100-g\/\",\"name\":\"Galletas de ma\u00edz gourmet dulces 100 g - LARIMAR Gallery Hotel Boutique\",\"isPartOf\":{\"@id\":\"https:\/\/larimar-gallery-oax.com\/#website\"},\"primaryImageOfPage\":{\"@id\":\"https:\/\/larimar-gallery-oax.com\/index.php\/producto\/galletas-de-maiz-gourmet-dulces-100-g\/#primaryimage\"},\"image\":{\"@id\":\"https:\/\/larimar-gallery-oax.com\/index.php\/producto\/galletas-de-maiz-gourmet-dulces-100-g\/#primaryimage\"},\"thumbnailUrl\":\"https:\/\/larimar-gallery-oax.com\/wp-content\/uploads\/2025\/09\/4.Galletas-de-maiz-gourmet-Dulces.jpeg\",\"datePublished\":\"2025-09-02T19:10:50+00:00\",\"breadcrumb\":{\"@id\":\"https:\/\/larimar-gallery-oax.com\/index.php\/producto\/galletas-de-maiz-gourmet-dulces-100-g\/#breadcrumb\"},\"inLanguage\":\"es\",\"potentialAction\":[{\"@type\":\"ReadAction\",\"target\":[\"https:\/\/larimar-gallery-oax.com\/index.php\/producto\/galletas-de-maiz-gourmet-dulces-100-g\/\"]}]},{\"@type\":\"ImageObject\",\"inLanguage\":\"es\",\"@id\":\"https:\/\/larimar-gallery-oax.com\/index.php\/producto\/galletas-de-maiz-gourmet-dulces-100-g\/#primaryimage\",\"url\":\"https:\/\/larimar-gallery-oax.com\/wp-content\/uploads\/2025\/09\/4.Galletas-de-maiz-gourmet-Dulces.jpeg\",\"contentUrl\":\"https:\/\/larimar-gallery-oax.com\/wp-content\/uploads\/2025\/09\/4.Galletas-de-maiz-gourmet-Dulces.jpeg\",\"width\":1080,\"height\":1082},{\"@type\":\"BreadcrumbList\",\"@id\":\"https:\/\/larimar-gallery-oax.com\/index.php\/producto\/galletas-de-maiz-gourmet-dulces-100-g\/#breadcrumb\",\"itemListElement\":[{\"@type\":\"ListItem\",\"position\":1,\"name\":\"Inicio\",\"item\":\"https:\/\/larimar-gallery-oax.com\/\"},{\"@type\":\"ListItem\",\"position\":2,\"name\":\"Tienda\",\"item\":\"https:\/\/larimar-gallery-oax.com\/index.php\/tienda\/\"},{\"@type\":\"ListItem\",\"position\":3,\"name\":\"Galletas de ma\u00edz gourmet dulces 100 g\"}]},{\"@type\":\"WebSite\",\"@id\":\"https:\/\/larimar-gallery-oax.com\/#website\",\"url\":\"https:\/\/larimar-gallery-oax.com\/\",\"name\":\"LARIMAR Gallery Hotel Boutique\",\"description\":\"\u00a1Vive una experiencia \u00fanica rodeado de arte!\",\"publisher\":{\"@id\":\"https:\/\/larimar-gallery-oax.com\/#organization\"},\"potentialAction\":[{\"@type\":\"SearchAction\",\"target\":{\"@type\":\"EntryPoint\",\"urlTemplate\":\"https:\/\/larimar-gallery-oax.com\/?s={search_term_string}\"},\"query-input\":{\"@type\":\"PropertyValueSpecification\",\"valueRequired\":true,\"valueName\":\"search_term_string\"}}],\"inLanguage\":\"es\"},{\"@type\":\"Organization\",\"@id\":\"https:\/\/larimar-gallery-oax.com\/#organization\",\"name\":\"LARIMAR Gallery Hotel Boutique\",\"url\":\"https:\/\/larimar-gallery-oax.com\/\",\"logo\":{\"@type\":\"ImageObject\",\"inLanguage\":\"es\",\"@id\":\"https:\/\/larimar-gallery-oax.com\/#\/schema\/logo\/image\/\",\"url\":\"https:\/\/larimar-gallery-oax.com\/wp-content\/uploads\/2015\/10\/logo_web_larimar-1.png\",\"contentUrl\":\"https:\/\/larimar-gallery-oax.com\/wp-content\/uploads\/2015\/10\/logo_web_larimar-1.png\",\"width\":135,\"height\":55,\"caption\":\"LARIMAR Gallery Hotel Boutique\"},\"image\":{\"@id\":\"https:\/\/larimar-gallery-oax.com\/#\/schema\/logo\/image\/\"},\"sameAs\":[\"https:\/\/www.facebook.com\/larimar.gallery\",\"https:\/\/x.com\/LarimarGallery\"]}]}<\/script>\n<!-- \/ Yoast SEO plugin. -->","yoast_head_json":{"title":"Galletas de ma\u00edz gourmet dulces 100 g - LARIMAR Gallery Hotel Boutique","robots":{"index":"index","follow":"follow","max-snippet":"max-snippet:-1","max-image-preview":"max-image-preview:large","max-video-preview":"max-video-preview:-1"},"canonical":"https:\/\/larimar-gallery-oax.com\/index.php\/producto\/galletas-de-maiz-gourmet-dulces-100-g\/","og_locale":"es_MX","og_type":"article","og_title":"Galletas de ma\u00edz gourmet dulces 100 g - LARIMAR Gallery Hotel Boutique","og_description":"Ma\u00edz nativo, huevo, mantequilla, piloncillo.  Sabores naturales\u00a0(cacao, pataxtle, coco, naranja, an\u00eds, nuez, jengibre, tascalate, cacahuatole","og_url":"https:\/\/larimar-gallery-oax.com\/index.php\/producto\/galletas-de-maiz-gourmet-dulces-100-g\/","og_site_name":"LARIMAR Gallery Hotel Boutique","article_publisher":"https:\/\/www.facebook.com\/larimar.gallery","og_image":[{"width":1080,"height":1082,"url":"https:\/\/larimar-gallery-oax.com\/wp-content\/uploads\/2025\/09\/4.Galletas-de-maiz-gourmet-Dulces.jpeg","type":"image\/jpeg"}],"twitter_card":"summary_large_image","twitter_site":"@LarimarGallery","twitter_misc":{"Tiempo de lectura":"2 minutos"},"schema":{"@context":"https:\/\/schema.org","@graph":[{"@type":"WebPage","@id":"https:\/\/larimar-gallery-oax.com\/index.php\/producto\/galletas-de-maiz-gourmet-dulces-100-g\/","url":"https:\/\/larimar-gallery-oax.com\/index.php\/producto\/galletas-de-maiz-gourmet-dulces-100-g\/","name":"Galletas de ma\u00edz gourmet dulces 100 g - LARIMAR Gallery Hotel Boutique","isPartOf":{"@id":"https:\/\/larimar-gallery-oax.com\/#website"},"primaryImageOfPage":{"@id":"https:\/\/larimar-gallery-oax.com\/index.php\/producto\/galletas-de-maiz-gourmet-dulces-100-g\/#primaryimage"},"image":{"@id":"https:\/\/larimar-gallery-oax.com\/index.php\/producto\/galletas-de-maiz-gourmet-dulces-100-g\/#primaryimage"},"thumbnailUrl":"https:\/\/larimar-gallery-oax.com\/wp-content\/uploads\/2025\/09\/4.Galletas-de-maiz-gourmet-Dulces.jpeg","datePublished":"2025-09-02T19:10:50+00:00","breadcrumb":{"@id":"https:\/\/larimar-gallery-oax.com\/index.php\/producto\/galletas-de-maiz-gourmet-dulces-100-g\/#breadcrumb"},"inLanguage":"es","potentialAction":[{"@type":"ReadAction","target":["https:\/\/larimar-gallery-oax.com\/index.php\/producto\/galletas-de-maiz-gourmet-dulces-100-g\/"]}]},{"@type":"ImageObject","inLanguage":"es","@id":"https:\/\/larimar-gallery-oax.com\/index.php\/producto\/galletas-de-maiz-gourmet-dulces-100-g\/#primaryimage","url":"https:\/\/larimar-gallery-oax.com\/wp-content\/uploads\/2025\/09\/4.Galletas-de-maiz-gourmet-Dulces.jpeg","contentUrl":"https:\/\/larimar-gallery-oax.com\/wp-content\/uploads\/2025\/09\/4.Galletas-de-maiz-gourmet-Dulces.jpeg","width":1080,"height":1082},{"@type":"BreadcrumbList","@id":"https:\/\/larimar-gallery-oax.com\/index.php\/producto\/galletas-de-maiz-gourmet-dulces-100-g\/#breadcrumb","itemListElement":[{"@type":"ListItem","position":1,"name":"Inicio","item":"https:\/\/larimar-gallery-oax.com\/"},{"@type":"ListItem","position":2,"name":"Tienda","item":"https:\/\/larimar-gallery-oax.com\/index.php\/tienda\/"},{"@type":"ListItem","position":3,"name":"Galletas de ma\u00edz gourmet dulces 100 g"}]},{"@type":"WebSite","@id":"https:\/\/larimar-gallery-oax.com\/#website","url":"https:\/\/larimar-gallery-oax.com\/","name":"LARIMAR Gallery Hotel Boutique","description":"\u00a1Vive una experiencia \u00fanica rodeado de arte!","publisher":{"@id":"https:\/\/larimar-gallery-oax.com\/#organization"},"potentialAction":[{"@type":"SearchAction","target":{"@type":"EntryPoint","urlTemplate":"https:\/\/larimar-gallery-oax.com\/?s={search_term_string}"},"query-input":{"@type":"PropertyValueSpecification","valueRequired":true,"valueName":"search_term_string"}}],"inLanguage":"es"},{"@type":"Organization","@id":"https:\/\/larimar-gallery-oax.com\/#organization","name":"LARIMAR Gallery Hotel Boutique","url":"https:\/\/larimar-gallery-oax.com\/","logo":{"@type":"ImageObject","inLanguage":"es","@id":"https:\/\/larimar-gallery-oax.com\/#\/schema\/logo\/image\/","url":"https:\/\/larimar-gallery-oax.com\/wp-content\/uploads\/2015\/10\/logo_web_larimar-1.png","contentUrl":"https:\/\/larimar-gallery-oax.com\/wp-content\/uploads\/2015\/10\/logo_web_larimar-1.png","width":135,"height":55,"caption":"LARIMAR Gallery Hotel Boutique"},"image":{"@id":"https:\/\/larimar-gallery-oax.com\/#\/schema\/logo\/image\/"},"sameAs":["https:\/\/www.facebook.com\/larimar.gallery","https:\/\/x.com\/LarimarGallery"]}]}},"_links":{"self":[{"href":"https:\/\/larimar-gallery-oax.com\/index.php\/wp-json\/wp\/v2\/product\/5874","targetHints":{"allow":["GET"]}}],"collection":[{"href":"https:\/\/larimar-gallery-oax.com\/index.php\/wp-json\/wp\/v2\/product"}],"about":[{"href":"https:\/\/larimar-gallery-oax.com\/index.php\/wp-json\/wp\/v2\/types\/product"}],"replies":[{"embeddable":true,"href":"https:\/\/larimar-gallery-oax.com\/index.php\/wp-json\/wp\/v2\/comments?post=5874"}],"wp:featuredmedia":[{"embeddable":true,"href":"https:\/\/larimar-gallery-oax.com\/index.php\/wp-json\/wp\/v2\/media\/5873"}],"wp:attachment":[{"href":"https:\/\/larimar-gallery-oax.com\/index.php\/wp-json\/wp\/v2\/media?parent=5874"}],"wp:term":[{"taxonomy":"product_brand","embeddable":true,"href":"https:\/\/larimar-gallery-oax.com\/index.php\/wp-json\/wp\/v2\/product_brand?post=5874"},{"taxonomy":"product_cat","embeddable":true,"href":"https:\/\/larimar-gallery-oax.com\/index.php\/wp-json\/wp\/v2\/product_cat?post=5874"},{"taxonomy":"product_tag","embeddable":true,"href":"https:\/\/larimar-gallery-oax.com\/index.php\/wp-json\/wp\/v2\/product_tag?post=5874"}],"curies":[{"name":"wp","href":"https:\/\/api.w.org\/{rel}","templated":true}]}}